{"id":1929,"date":"2025-01-22T13:17:56","date_gmt":"2025-01-22T12:17:56","guid":{"rendered":"https:\/\/www.legacoopestense.coop\/memoriedalpopolo\/?page_id=1929"},"modified":"2025-02-06T17:40:40","modified_gmt":"2025-02-06T16:40:40","slug":"eventi-e-convegni","status":"publish","type":"page","link":"https:\/\/www.legacoopestense.coop\/memoriedalpopolo\/archivio\/eventi-e-convegni\/","title":{"rendered":"Eventi e Convegni"},"content":{"rendered":"\t\t<div data-elementor-type=\"wp-page\" data-elementor-id=\"1929\" class=\"elementor elementor-1929\" data-elementor-post-type=\"page\">\n\t\t\t\t<div class=\"elementor-element elementor-element-d1a5455 e-flex e-con-boxed e-con e-parent\" data-id=\"d1a5455\" data-element_type=\"container\" data-e-type=\"container\">\n\t\t\t\t\t<div class=\"e-con-inner\">\n\t\t\t\t<div class=\"elementor-element elementor-element-76752c6 elementor-widget elementor-widget-n-accordion\" data-id=\"76752c6\" data-element_type=\"widget\" data-e-type=\"widget\" data-settings=\"{&quot;default_state&quot;:&quot;all_collapsed&quot;,&quot;max_items_expended&quot;:&quot;one&quot;,&quot;n_accordion_animation_duration&quot;:{&quot;unit&quot;:&quot;ms&quot;,&quot;size&quot;:400,&quot;sizes&quot;:[]}}\" data-widget_type=\"nested-accordion.default\">\n\t\t\t\t<div class=\"elementor-widget-container\">\n\t\t\t\t\t\t\t<div class=\"e-n-accordion\" aria-label=\"Accordion. Open links with Enter or Space, close with Escape, and navigate with Arrow Keys\">\n\t\t\t\t\t\t<details id=\"e-n-accordion-item-1240\" class=\"e-n-accordion-item\" >\n\t\t\t\t<summary class=\"e-n-accordion-item-title\" data-accordion-index=\"1\" tabindex=\"0\" aria-expanded=\"false\" aria-controls=\"e-n-accordion-item-1240\" >\n\t\t\t\t\t<span class='e-n-accordion-item-title-header'><div class=\"e-n-accordion-item-title-text\"> Eventi <\/div><\/span>\n\t\t\t\t\t\t\t<span class='e-n-accordion-item-title-icon'>\n\t\t\t<span class='e-opened' ><svg aria-hidden=\"true\" class=\"e-font-icon-svg e-fas-minus\" viewBox=\"0 0 448 512\" xmlns=\"http:\/\/www.w3.org\/2000\/svg\"><path d=\"M416 208H32c-17.67 0-32 14.33-32 32v32c0 17.67 14.33 32 32 32h384c17.67 0 32-14.33 32-32v-32c0-17.67-14.33-32-32-32z\"><\/path><\/svg><\/span>\n\t\t\t<span class='e-closed'><svg aria-hidden=\"true\" class=\"e-font-icon-svg e-fas-plus\" viewBox=\"0 0 448 512\" xmlns=\"http:\/\/www.w3.org\/2000\/svg\"><path d=\"M416 208H272V64c0-17.67-14.33-32-32-32h-32c-17.67 0-32 14.33-32 32v144H32c-17.67 0-32 14.33-32 32v32c0 17.67 14.33 32 32 32h144v144c0 17.67 14.33 32 32 32h32c17.67 0 32-14.33 32-32V304h144c17.67 0 32-14.33 32-32v-32c0-17.67-14.33-32-32-32z\"><\/path><\/svg><\/span>\n\t\t<\/span>\n\n\t\t\t\t\t\t<\/summary>\n\t\t\t\t<div role=\"region\" aria-labelledby=\"e-n-accordion-item-1240\" class=\"elementor-element elementor-element-cf61a93 e-con-full e-flex e-con e-child\" data-id=\"cf61a93\" data-element_type=\"container\" data-e-type=\"container\">\n\t\t\t\t<div class=\"elementor-element elementor-element-7fc5cf8 elementor-widget elementor-widget-text-editor\" data-id=\"7fc5cf8\" data-element_type=\"widget\" data-e-type=\"widget\" data-widget_type=\"text-editor.default\">\n\t\t\t\t<div class=\"elementor-widget-container\">\n\t\t\t\t\t\t\t\t\t<p style=\"text-align: center;\"><span style=\"font-weight: 400;\">NOTTE ROSSA\u00a0<\/span><\/p><p><span style=\"font-weight: 400;\">La Notte Rossa \u00e8 una manifestazione nazionale che valorizza l&#8217;importanza storica delle Case del Popolo e vuole farle vivere appieno anche alle nuove generazioni. Un momento di scambio e incontro intergenerazionale, un &#8220;passaggio del testimone&#8221;, che invita i giovani a essere non solo partecipanti, ma protagonisti, rielaborando la storia italiana con un impegno civile e politico attuale.<br \/><\/span><span style=\"font-weight: 400;\">L\u2019iniziativa ha preso avvio nel 2013 ed \u00e8 arrivata nel 2024 alla XII edizione.<br \/><\/span><span style=\"font-weight: 400;\">Ferrara e il suo territorio hanno partecipato alle iniziative della Notte Rossa negli anni 2015-2018: specificatamente nel 2014-15 a Ferrara e negli anni 2017-2018 a Cento.<br \/><\/span><span style=\"font-weight: 400;\">\u201cNotte Rossa\u201d \u00e8 un\u2019iniziativa che in Emilia-Romagna \u00e8 arrivata nel 2024 alla XII edizione ed \u00e8 presente anche, seppur con minore sistematicit\u00e0, in Toscana e Piemonte.<\/span><\/p>\t\t\t\t\t\t\t\t<\/div>\n\t\t\t\t<\/div>\n\t\t\t\t<div class=\"elementor-element elementor-element-08459e7 elementor-widget elementor-widget-heading\" data-id=\"08459e7\" data-element_type=\"widget\" data-e-type=\"widget\" data-widget_type=\"heading.default\">\n\t\t\t\t<div class=\"elementor-widget-container\">\n\t\t\t\t\t<h2 class=\"elementor-heading-title elementor-size-default\">Edizioni Ferrara e Cento 2015 - 2018<\/h2>\t\t\t\t<\/div>\n\t\t\t\t<\/div>\n\t\t\t\t<div class=\"elementor-element elementor-element-50d715d elementor-icon-list--layout-traditional elementor-list-item-link-full_width elementor-widget elementor-widget-icon-list\" data-id=\"50d715d\" data-element_type=\"widget\" data-e-type=\"widget\" data-widget_type=\"icon-list.default\">\n\t\t\t\t<div class=\"elementor-widget-container\">\n\t\t\t\t\t\t\t<ul class=\"elementor-icon-list-items\">\n\t\t\t\t\t\t\t<li class=\"elementor-icon-list-item\">\n\t\t\t\t\t\t\t\t\t\t\t<a href=\"https:\/\/www.legacoopestense.coop\/memoriedalpopolo\/2015-fe-notterossa\/\" target=\"_blank\">\n\n\t\t\t\t\t\t\t\t\t\t\t\t<span class=\"elementor-icon-list-icon\">\n\t\t\t\t\t\t\t<svg aria-hidden=\"true\" class=\"e-font-icon-svg e-fas-file-download\" viewBox=\"0 0 384 512\" xmlns=\"http:\/\/www.w3.org\/2000\/svg\"><path d=\"M224 136V0H24C10.7 0 0 10.7 0 24v464c0 13.3 10.7 24 24 24h336c13.3 0 24-10.7 24-24V160H248c-13.2 0-24-10.8-24-24zm76.45 211.36l-96.42 95.7c-6.65 6.61-17.39 6.61-24.04 0l-96.42-95.7C73.42 337.29 80.54 320 94.82 320H160v-80c0-8.84 7.16-16 16-16h32c8.84 0 16 7.16 16 16v80h65.18c14.28 0 21.4 17.29 11.27 27.36zM377 105L279.1 7c-4.5-4.5-10.6-7-17-7H256v128h128v-6.1c0-6.3-2.5-12.4-7-16.9z\"><\/path><\/svg>\t\t\t\t\t\t<\/span>\n\t\t\t\t\t\t\t\t\t\t<span class=\"elementor-icon-list-text\"><u>Programma 2015<\/u><\/span>\n\t\t\t\t\t\t\t\t\t\t\t<\/a>\n\t\t\t\t\t\t\t\t\t<\/li>\n\t\t\t\t\t\t\t\t<li class=\"elementor-icon-list-item\">\n\t\t\t\t\t\t\t\t\t\t\t<a href=\"https:\/\/www.legacoopestense.coop\/memoriedalpopolo\/2016-fe-notte-rossa\/\" target=\"_blank\">\n\n\t\t\t\t\t\t\t\t\t\t\t\t<span class=\"elementor-icon-list-icon\">\n\t\t\t\t\t\t\t<svg aria-hidden=\"true\" class=\"e-font-icon-svg e-fas-file-download\" viewBox=\"0 0 384 512\" xmlns=\"http:\/\/www.w3.org\/2000\/svg\"><path d=\"M224 136V0H24C10.7 0 0 10.7 0 24v464c0 13.3 10.7 24 24 24h336c13.3 0 24-10.7 24-24V160H248c-13.2 0-24-10.8-24-24zm76.45 211.36l-96.42 95.7c-6.65 6.61-17.39 6.61-24.04 0l-96.42-95.7C73.42 337.29 80.54 320 94.82 320H160v-80c0-8.84 7.16-16 16-16h32c8.84 0 16 7.16 16 16v80h65.18c14.28 0 21.4 17.29 11.27 27.36zM377 105L279.1 7c-4.5-4.5-10.6-7-17-7H256v128h128v-6.1c0-6.3-2.5-12.4-7-16.9z\"><\/path><\/svg>\t\t\t\t\t\t<\/span>\n\t\t\t\t\t\t\t\t\t\t<span class=\"elementor-icon-list-text\"><u>Programma 2016<\/u><\/span>\n\t\t\t\t\t\t\t\t\t\t\t<\/a>\n\t\t\t\t\t\t\t\t\t<\/li>\n\t\t\t\t\t\t\t\t<li class=\"elementor-icon-list-item\">\n\t\t\t\t\t\t\t\t\t\t\t<a href=\"https:\/\/www.legacoopestense.coop\/memoriedalpopolo\/2017-fe-notte-rossa\/\" target=\"_blank\">\n\n\t\t\t\t\t\t\t\t\t\t\t\t<span class=\"elementor-icon-list-icon\">\n\t\t\t\t\t\t\t<svg aria-hidden=\"true\" class=\"e-font-icon-svg e-fas-file-download\" viewBox=\"0 0 384 512\" xmlns=\"http:\/\/www.w3.org\/2000\/svg\"><path d=\"M224 136V0H24C10.7 0 0 10.7 0 24v464c0 13.3 10.7 24 24 24h336c13.3 0 24-10.7 24-24V160H248c-13.2 0-24-10.8-24-24zm76.45 211.36l-96.42 95.7c-6.65 6.61-17.39 6.61-24.04 0l-96.42-95.7C73.42 337.29 80.54 320 94.82 320H160v-80c0-8.84 7.16-16 16-16h32c8.84 0 16 7.16 16 16v80h65.18c14.28 0 21.4 17.29 11.27 27.36zM377 105L279.1 7c-4.5-4.5-10.6-7-17-7H256v128h128v-6.1c0-6.3-2.5-12.4-7-16.9z\"><\/path><\/svg>\t\t\t\t\t\t<\/span>\n\t\t\t\t\t\t\t\t\t\t<span class=\"elementor-icon-list-text\"><u>Programma 2017<\/u><\/span>\n\t\t\t\t\t\t\t\t\t\t\t<\/a>\n\t\t\t\t\t\t\t\t\t<\/li>\n\t\t\t\t\t\t\t\t<li class=\"elementor-icon-list-item\">\n\t\t\t\t\t\t\t\t\t\t\t<a href=\"https:\/\/www.legacoopestense.coop\/memoriedalpopolo\/2018-fe-notte-rossa\/\" target=\"_blank\">\n\n\t\t\t\t\t\t\t\t\t\t\t\t<span class=\"elementor-icon-list-icon\">\n\t\t\t\t\t\t\t<svg aria-hidden=\"true\" class=\"e-font-icon-svg e-fas-file-download\" viewBox=\"0 0 384 512\" xmlns=\"http:\/\/www.w3.org\/2000\/svg\"><path d=\"M224 136V0H24C10.7 0 0 10.7 0 24v464c0 13.3 10.7 24 24 24h336c13.3 0 24-10.7 24-24V160H248c-13.2 0-24-10.8-24-24zm76.45 211.36l-96.42 95.7c-6.65 6.61-17.39 6.61-24.04 0l-96.42-95.7C73.42 337.29 80.54 320 94.82 320H160v-80c0-8.84 7.16-16 16-16h32c8.84 0 16 7.16 16 16v80h65.18c14.28 0 21.4 17.29 11.27 27.36zM377 105L279.1 7c-4.5-4.5-10.6-7-17-7H256v128h128v-6.1c0-6.3-2.5-12.4-7-16.9z\"><\/path><\/svg>\t\t\t\t\t\t<\/span>\n\t\t\t\t\t\t\t\t\t\t<span class=\"elementor-icon-list-text\"><u>Programma 2018<\/u><\/span>\n\t\t\t\t\t\t\t\t\t\t\t<\/a>\n\t\t\t\t\t\t\t\t\t<\/li>\n\t\t\t\t\t\t<\/ul>\n\t\t\t\t\t\t<\/div>\n\t\t\t\t<\/div>\n\t\t\t\t<\/div>\n\t\t\t\t\t<\/details>\n\t\t\t\t\t\t<details id=\"e-n-accordion-item-1241\" class=\"e-n-accordion-item\" >\n\t\t\t\t<summary class=\"e-n-accordion-item-title\" data-accordion-index=\"2\" tabindex=\"-1\" aria-expanded=\"false\" aria-controls=\"e-n-accordion-item-1241\" >\n\t\t\t\t\t<span class='e-n-accordion-item-title-header'><div class=\"e-n-accordion-item-title-text\"> Convegni <\/div><\/span>\n\t\t\t\t\t\t\t<span class='e-n-accordion-item-title-icon'>\n\t\t\t<span class='e-opened' ><svg aria-hidden=\"true\" class=\"e-font-icon-svg e-fas-minus\" viewBox=\"0 0 448 512\" xmlns=\"http:\/\/www.w3.org\/2000\/svg\"><path d=\"M416 208H32c-17.67 0-32 14.33-32 32v32c0 17.67 14.33 32 32 32h384c17.67 0 32-14.33 32-32v-32c0-17.67-14.33-32-32-32z\"><\/path><\/svg><\/span>\n\t\t\t<span class='e-closed'><svg aria-hidden=\"true\" class=\"e-font-icon-svg e-fas-plus\" viewBox=\"0 0 448 512\" xmlns=\"http:\/\/www.w3.org\/2000\/svg\"><path d=\"M416 208H272V64c0-17.67-14.33-32-32-32h-32c-17.67 0-32 14.33-32 32v144H32c-17.67 0-32 14.33-32 32v32c0 17.67 14.33 32 32 32h144v144c0 17.67 14.33 32 32 32h32c17.67 0 32-14.33 32-32V304h144c17.67 0 32-14.33 32-32v-32c0-17.67-14.33-32-32-32z\"><\/path><\/svg><\/span>\n\t\t<\/span>\n\n\t\t\t\t\t\t<\/summary>\n\t\t\t\t<div role=\"region\" aria-labelledby=\"e-n-accordion-item-1241\" class=\"elementor-element elementor-element-cb2ac0f e-con-full e-flex e-con e-child\" data-id=\"cb2ac0f\" data-element_type=\"container\" data-e-type=\"container\">\n\t\t\t\t<div class=\"elementor-element elementor-element-ec4f2ab elementor-widget elementor-widget-text-editor\" data-id=\"ec4f2ab\" data-element_type=\"widget\" data-e-type=\"widget\" data-widget_type=\"text-editor.default\">\n\t\t\t\t<div class=\"elementor-widget-container\">\n\t\t\t\t\t\t\t\t\t<p><span style=\"font-weight: 400;\">Dal 2013, dopo la pubblicazione dei testi di Andrea Baravelli e prima della pubblicazione dei testi di Tito Menzani\u00b9<\/span><span style=\"font-weight: 400;\">, nel contesto di promozione di \u201cMemoria e storia del \u2018900\u201d promosso dalla Regione Emilia-Romagna con la L.R. 3\/2016, si sono svolto diversi convegni aventi ad argomento le Case del popolo, segno di interesse su un argomento che la ricerca storica non aveva sfruttato a fondo per la conoscenza della socialit\u00e0 delle classi popolari.<\/span><\/p>\t\t\t\t\t\t\t\t<\/div>\n\t\t\t\t<\/div>\n\t\t\t\t<div class=\"elementor-element elementor-element-c7512ff elementor-widget elementor-widget-text-editor\" data-id=\"c7512ff\" data-element_type=\"widget\" data-e-type=\"widget\" data-widget_type=\"text-editor.default\">\n\t\t\t\t<div class=\"elementor-widget-container\">\n\t\t\t\t\t\t\t\t\t<p><span style=\"font-weight: 400;\">\u00b9<\/span><\/p>\t\t\t\t\t\t\t\t<\/div>\n\t\t\t\t<\/div>\n\t\t\t\t<div class=\"elementor-element elementor-element-d99513c elementor-widget elementor-widget-text-editor\" data-id=\"d99513c\" data-element_type=\"widget\" data-e-type=\"widget\" data-widget_type=\"text-editor.default\">\n\t\t\t\t<div class=\"elementor-widget-container\">\n\t\t\t\t\t\t\t\t\t<ul><li>Baravelli A., <i>Le Case del popolo a Fusignano e nella Bassa Romagna. Associazionismo popolare e forme di socialit\u00e0 in un secolo di storia<\/i>, Ravenna, Longo Editore, 1999<\/li><li><span style=\"font-weight: 400;\">Baravelli A., Menzani T<\/span><i><span style=\"font-weight: 400;\">., Una storia popolare. Le case del popolo del movimento operaio in provincia di Ravenna, (1946-1996),<\/span><\/i><span style=\"font-weight: 400;\"> Ravenna, Giorgio Pozzi Editore, 2014<\/span><\/li><li><span style=\"font-weight: 400;\">Menzani T., Morgagni F<\/span><span style=\"font-weight: 400;\">., <\/span><i><span style=\"font-weight: 400;\">Nel cuore della comunit\u00e0. Storia delle case del popolo di Romagna<\/span><\/i><span style=\"font-weight: 400;\">, Milano, Franco Angeli, 2020<\/span><\/li><li><i><span style=\"font-weight: 400;\">Idee in circolo. Rassegna di fonti documentarie e fotografiche sulle case del popolo in Romagna<\/span><\/i><span style=\"font-weight: 400;\">, a cura di Tito Menzani, Homeless Book, 2021<\/span><\/li><\/ul>\t\t\t\t\t\t\t\t<\/div>\n\t\t\t\t<\/div>\n\t\t\t\t<div class=\"elementor-element elementor-element-f4d6fc4 elementor-widget elementor-widget-text-editor\" data-id=\"f4d6fc4\" data-element_type=\"widget\" data-e-type=\"widget\" data-widget_type=\"text-editor.default\">\n\t\t\t\t<div class=\"elementor-widget-container\">\n\t\t\t\t\t\t\t\t\t<p><span style=\"font-weight: 400;\">Di seguito si riportano i convegni che si sono tenuti a partire dal 2013.<\/span><\/p><p><b>Quale futuro per le Case del popolo?<br \/><\/b><span style=\"font-weight: 400;\">Teatro Venere di Ravalle<br \/><\/span><span style=\"font-weight: 400;\">Ferrara<br \/><\/span><span style=\"font-weight: 400;\">28 aprile 2013<\/span><\/p><p><b>Per una storia delle case del popolo in Romagna. La ricerca anagrafica dalle origini ad oggi<br \/><\/b><span style=\"font-weight: 400;\">Camera di Commercio della Romagna Forl\u00ec-Cesena e Rimini<br \/><\/span><span style=\"font-weight: 400;\">Forl\u00ec<br \/><\/span><span style=\"font-weight: 400;\">13 aprile 2019<\/span><\/p><p><b>Comunit\u00e0 cooperative, cooperative di comunit\u00e0. Dalle Case del popolo alle nuove esperienze<br \/><\/b><span style=\"font-weight: 400;\">Biblioteca Oriani<br \/><\/span><span style=\"font-weight: 400;\">Ravenna<br \/><\/span><span style=\"font-weight: 400;\">30 settembre 2019<\/span><\/p><p><b>Case del popolo: teatro, musica cultura<br \/><\/b>T<span style=\"font-weight: 400;\">eatro sociale Piangipane<br \/><\/span><span style=\"font-weight: 400;\">Ravenna<br \/><\/span><span style=\"font-weight: 400;\">11 novembre 2019<\/span><\/p><p><b>Sociale vs social: dalle Case del popolo a facebook<br \/><\/b><span style=\"font-weight: 400;\">Teatro sociale Piangipane<br \/><\/span><span style=\"font-weight: 400;\">Ravenna<br \/><\/span><span style=\"font-weight: 400;\">4 dicembre 2019<\/span><\/p><p><b>Case del popolo della Romagna: radici di futuro<br \/><\/b><span style=\"font-weight: 400;\">Sala consiliare palazzo comunale<br \/><\/span><span style=\"font-weight: 400;\">Cesena<br \/><\/span><span style=\"font-weight: 400;\">16 dicembre 2019<\/span><\/p><p><b>Assalto fascista alla Casa del popolo nel centenario (1913-2023)<br \/><\/b><span style=\"font-weight: 400;\">Teatro Cinema Sarti<br \/><\/span><span style=\"font-weight: 400;\">Faenza<br \/><\/span><span style=\"font-weight: 400;\">1\u00b0 aprile 2023<\/span><\/p><p><b>Le Case del popolo. Un presidio sociale e democratico: un convegno nel segno di Sergio Sozzi<br \/><\/b><span style=\"font-weight: 400;\">Casa del popolo di Impruneta<br \/><\/span><span style=\"font-weight: 400;\">Firenze<br \/><\/span><span style=\"font-weight: 400;\">23 novembre 2024<\/span><\/p>\t\t\t\t\t\t\t\t<\/div>\n\t\t\t\t<\/div>\n\t\t\t\t<\/div>\n\t\t\t\t\t<\/details>\n\t\t\t\t\t<\/div>\n\t\t\t\t\t\t<\/div>\n\t\t\t\t<\/div>\n\t\t\t\t\t<\/div>\n\t\t\t\t<\/div>\n\t\t\t\t<\/div>\n\t\t","protected":false},"excerpt":{"rendered":"<p>Eventi di interesse su un argomento che la ricerca storica non aveva sfruttato a fondo per la conoscenza della socialit\u00e0 delle classi popolari.<\/p>\n","protected":false},"author":2,"featured_media":0,"parent":1721,"menu_order":0,"comment_status":"closed","ping_status":"closed","template":"","meta":{"footnotes":""},"class_list":["post-1929","page","type-page","status-publish","hentry"],"yoast_head":"<!-- This site is optimized with the Yoast SEO plugin v27.1.1 - https:\/\/yoast.com\/product\/yoast-seo-wordpress\/ -->\n<title>Eventi e Convegni - Memorie dal Popolo<\/title>\n<meta name=\"description\" content=\"Eventi di interesse su un argomento che la ricerca storica non aveva sfruttato a fondo per la conoscenza della socialit\u00e0 delle classi popolari.\" \/>\n<meta name=\"robots\" content=\"index, follow, max-snippet:-1, max-image-preview:large, max-video-preview:-1\" \/>\n<link rel=\"canonical\" href=\"https:\/\/www.legacoopestense.coop\/memoriedalpopolo\/archivio\/eventi-e-convegni\/\" \/>\n<meta property=\"og:locale\" content=\"it_IT\" \/>\n<meta property=\"og:type\" content=\"article\" \/>\n<meta property=\"og:title\" content=\"Eventi e Convegni - Memorie dal Popolo\" \/>\n<meta property=\"og:description\" content=\"Eventi di interesse su un argomento che la ricerca storica non aveva sfruttato a fondo per la conoscenza della socialit\u00e0 delle classi popolari.\" \/>\n<meta property=\"og:url\" content=\"https:\/\/www.legacoopestense.coop\/memoriedalpopolo\/archivio\/eventi-e-convegni\/\" \/>\n<meta property=\"og:site_name\" content=\"Memorie dal Popolo\" \/>\n<meta property=\"article:modified_time\" content=\"2025-02-06T16:40:40+00:00\" \/>\n<meta name=\"twitter:card\" content=\"summary_large_image\" \/>\n<meta name=\"twitter:label1\" content=\"Tempo di lettura stimato\" \/>\n\t<meta name=\"twitter:data1\" content=\"5 minuti\" \/>\n<script type=\"application\/ld+json\" class=\"yoast-schema-graph\">{\"@context\":\"https:\/\/schema.org\",\"@graph\":[{\"@type\":\"WebPage\",\"@id\":\"https:\/\/www.legacoopestense.coop\/memoriedalpopolo\/archivio\/eventi-e-convegni\/\",\"url\":\"https:\/\/www.legacoopestense.coop\/memoriedalpopolo\/archivio\/eventi-e-convegni\/\",\"name\":\"Eventi e Convegni - Memorie dal Popolo\",\"isPartOf\":{\"@id\":\"https:\/\/www.legacoopestense.coop\/memoriedalpopolo\/#website\"},\"datePublished\":\"2025-01-22T12:17:56+00:00\",\"dateModified\":\"2025-02-06T16:40:40+00:00\",\"description\":\"Eventi di interesse su un argomento che la ricerca storica non aveva sfruttato a fondo per la conoscenza della socialit\u00e0 delle classi popolari.\",\"breadcrumb\":{\"@id\":\"https:\/\/www.legacoopestense.coop\/memoriedalpopolo\/archivio\/eventi-e-convegni\/#breadcrumb\"},\"inLanguage\":\"it-IT\",\"potentialAction\":[{\"@type\":\"ReadAction\",\"target\":[\"https:\/\/www.legacoopestense.coop\/memoriedalpopolo\/archivio\/eventi-e-convegni\/\"]}]},{\"@type\":\"BreadcrumbList\",\"@id\":\"https:\/\/www.legacoopestense.coop\/memoriedalpopolo\/archivio\/eventi-e-convegni\/#breadcrumb\",\"itemListElement\":[{\"@type\":\"ListItem\",\"position\":1,\"name\":\"Archivio\",\"item\":\"https:\/\/www.legacoopestense.coop\/memoriedalpopolo\/archivio\/\"},{\"@type\":\"ListItem\",\"position\":2,\"name\":\"Eventi e Convegni\"}]},{\"@type\":\"WebSite\",\"@id\":\"https:\/\/www.legacoopestense.coop\/memoriedalpopolo\/#website\",\"url\":\"https:\/\/www.legacoopestense.coop\/memoriedalpopolo\/\",\"name\":\"Memorie dal Popolo\",\"description\":\"Legacoop Estense\",\"publisher\":{\"@id\":\"https:\/\/www.legacoopestense.coop\/memoriedalpopolo\/#organization\"},\"potentialAction\":[{\"@type\":\"SearchAction\",\"target\":{\"@type\":\"EntryPoint\",\"urlTemplate\":\"https:\/\/www.legacoopestense.coop\/memoriedalpopolo\/?s={search_term_string}\"},\"query-input\":{\"@type\":\"PropertyValueSpecification\",\"valueRequired\":true,\"valueName\":\"search_term_string\"}}],\"inLanguage\":\"it-IT\"},{\"@type\":\"Organization\",\"@id\":\"https:\/\/www.legacoopestense.coop\/memoriedalpopolo\/#organization\",\"name\":\"Memorie dal Popolo\",\"url\":\"https:\/\/www.legacoopestense.coop\/memoriedalpopolo\/\",\"logo\":{\"@type\":\"ImageObject\",\"inLanguage\":\"it-IT\",\"@id\":\"https:\/\/www.legacoopestense.coop\/memoriedalpopolo\/#\/schema\/logo\/image\/\",\"url\":\"https:\/\/www.legacoopestense.coop\/memoriedalpopolo\/wp-content\/uploads\/2023\/11\/Legacoop-Estense-3.png\",\"contentUrl\":\"https:\/\/www.legacoopestense.coop\/memoriedalpopolo\/wp-content\/uploads\/2023\/11\/Legacoop-Estense-3.png\",\"width\":7467,\"height\":2291,\"caption\":\"Memorie dal Popolo\"},\"image\":{\"@id\":\"https:\/\/www.legacoopestense.coop\/memoriedalpopolo\/#\/schema\/logo\/image\/\"}}]}<\/script>\n<!-- \/ Yoast SEO plugin. -->","yoast_head_json":{"title":"Eventi e Convegni - Memorie dal Popolo","description":"Eventi di interesse su un argomento che la ricerca storica non aveva sfruttato a fondo per la conoscenza della socialit\u00e0 delle classi popolari.","robots":{"index":"index","follow":"follow","max-snippet":"max-snippet:-1","max-image-preview":"max-image-preview:large","max-video-preview":"max-video-preview:-1"},"canonical":"https:\/\/www.legacoopestense.coop\/memoriedalpopolo\/archivio\/eventi-e-convegni\/","og_locale":"it_IT","og_type":"article","og_title":"Eventi e Convegni - Memorie dal Popolo","og_description":"Eventi di interesse su un argomento che la ricerca storica non aveva sfruttato a fondo per la conoscenza della socialit\u00e0 delle classi popolari.","og_url":"https:\/\/www.legacoopestense.coop\/memoriedalpopolo\/archivio\/eventi-e-convegni\/","og_site_name":"Memorie dal Popolo","article_modified_time":"2025-02-06T16:40:40+00:00","twitter_card":"summary_large_image","twitter_misc":{"Tempo di lettura stimato":"5 minuti"},"schema":{"@context":"https:\/\/schema.org","@graph":[{"@type":"WebPage","@id":"https:\/\/www.legacoopestense.coop\/memoriedalpopolo\/archivio\/eventi-e-convegni\/","url":"https:\/\/www.legacoopestense.coop\/memoriedalpopolo\/archivio\/eventi-e-convegni\/","name":"Eventi e Convegni - Memorie dal Popolo","isPartOf":{"@id":"https:\/\/www.legacoopestense.coop\/memoriedalpopolo\/#website"},"datePublished":"2025-01-22T12:17:56+00:00","dateModified":"2025-02-06T16:40:40+00:00","description":"Eventi di interesse su un argomento che la ricerca storica non aveva sfruttato a fondo per la conoscenza della socialit\u00e0 delle classi popolari.","breadcrumb":{"@id":"https:\/\/www.legacoopestense.coop\/memoriedalpopolo\/archivio\/eventi-e-convegni\/#breadcrumb"},"inLanguage":"it-IT","potentialAction":[{"@type":"ReadAction","target":["https:\/\/www.legacoopestense.coop\/memoriedalpopolo\/archivio\/eventi-e-convegni\/"]}]},{"@type":"BreadcrumbList","@id":"https:\/\/www.legacoopestense.coop\/memoriedalpopolo\/archivio\/eventi-e-convegni\/#breadcrumb","itemListElement":[{"@type":"ListItem","position":1,"name":"Archivio","item":"https:\/\/www.legacoopestense.coop\/memoriedalpopolo\/archivio\/"},{"@type":"ListItem","position":2,"name":"Eventi e Convegni"}]},{"@type":"WebSite","@id":"https:\/\/www.legacoopestense.coop\/memoriedalpopolo\/#website","url":"https:\/\/www.legacoopestense.coop\/memoriedalpopolo\/","name":"Memorie dal Popolo","description":"Legacoop Estense","publisher":{"@id":"https:\/\/www.legacoopestense.coop\/memoriedalpopolo\/#organization"},"potentialAction":[{"@type":"SearchAction","target":{"@type":"EntryPoint","urlTemplate":"https:\/\/www.legacoopestense.coop\/memoriedalpopolo\/?s={search_term_string}"},"query-input":{"@type":"PropertyValueSpecification","valueRequired":true,"valueName":"search_term_string"}}],"inLanguage":"it-IT"},{"@type":"Organization","@id":"https:\/\/www.legacoopestense.coop\/memoriedalpopolo\/#organization","name":"Memorie dal Popolo","url":"https:\/\/www.legacoopestense.coop\/memoriedalpopolo\/","logo":{"@type":"ImageObject","inLanguage":"it-IT","@id":"https:\/\/www.legacoopestense.coop\/memoriedalpopolo\/#\/schema\/logo\/image\/","url":"https:\/\/www.legacoopestense.coop\/memoriedalpopolo\/wp-content\/uploads\/2023\/11\/Legacoop-Estense-3.png","contentUrl":"https:\/\/www.legacoopestense.coop\/memoriedalpopolo\/wp-content\/uploads\/2023\/11\/Legacoop-Estense-3.png","width":7467,"height":2291,"caption":"Memorie dal Popolo"},"image":{"@id":"https:\/\/www.legacoopestense.coop\/memoriedalpopolo\/#\/schema\/logo\/image\/"}}]}},"_links":{"self":[{"href":"https:\/\/www.legacoopestense.coop\/memoriedalpopolo\/wp-json\/wp\/v2\/pages\/1929","targetHints":{"allow":["GET"]}}],"collection":[{"href":"https:\/\/www.legacoopestense.coop\/memoriedalpopolo\/wp-json\/wp\/v2\/pages"}],"about":[{"href":"https:\/\/www.legacoopestense.coop\/memoriedalpopolo\/wp-json\/wp\/v2\/types\/page"}],"author":[{"embeddable":true,"href":"https:\/\/www.legacoopestense.coop\/memoriedalpopolo\/wp-json\/wp\/v2\/users\/2"}],"replies":[{"embeddable":true,"href":"https:\/\/www.legacoopestense.coop\/memoriedalpopolo\/wp-json\/wp\/v2\/comments?post=1929"}],"version-history":[{"count":17,"href":"https:\/\/www.legacoopestense.coop\/memoriedalpopolo\/wp-json\/wp\/v2\/pages\/1929\/revisions"}],"predecessor-version":[{"id":2118,"href":"https:\/\/www.legacoopestense.coop\/memoriedalpopolo\/wp-json\/wp\/v2\/pages\/1929\/revisions\/2118"}],"up":[{"embeddable":true,"href":"https:\/\/www.legacoopestense.coop\/memoriedalpopolo\/wp-json\/wp\/v2\/pages\/1721"}],"wp:attachment":[{"href":"https:\/\/www.legacoopestense.coop\/memoriedalpopolo\/wp-json\/wp\/v2\/media?parent=1929"}],"curies":[{"name":"wp","href":"https:\/\/api.w.org\/{rel}","templated":true}]}}