{"id":1699,"date":"2025-01-20T12:39:15","date_gmt":"2025-01-20T11:39:15","guid":{"rendered":"https:\/\/www.legacoopestense.coop\/memoriedalpopolo\/?page_id=1699"},"modified":"2025-01-20T15:04:06","modified_gmt":"2025-01-20T14:04:06","slug":"le-case-del-popolo-il-boom-economico-e-il-consumismo-nel-secondo-dopoguerra","status":"publish","type":"page","link":"https:\/\/www.legacoopestense.coop\/memoriedalpopolo\/timeline\/le-case-del-popolo-il-boom-economico-e-il-consumismo-nel-secondo-dopoguerra\/","title":{"rendered":"Le Case del Popolo, il boom economico e il consumismo nel secondo dopoguerra"},"content":{"rendered":"\n<p>Gli anni Sessanta sono caratterizzati da un crescente benessere e dalla rapida trasformazione dell\u2019Italia da paese prevalentemente agricolo a paese industrializzato. Sono gli anni del \u201cboom economico\u201d e dell\u2019ingresso nella societ\u00e0 dei consumi.<br>Anche nella provincia di Ferrara i cambiamenti in atto influiscono sulla qualit\u00e0 del lavoro e della vita, come riportato da molti testimoni: la meccanizzazione rende il lavoro meno gravoso e la forte azione sindacale e dei partiti di sinistra riesce a garantire servizi, diritti e condizioni prima inimmaginabili.<br>Certamente anche negli anni Sessanta le proteste e le lotte non mancano, tanto pi\u00f9 che il decennio si apre sotto la stretta repressiva del governo Tambroni e si chiude con il Sessantotto e la rivolta studentesca i cui echi giungono anche nei piccoli centri rurali.<br>Tuttavia, un maggiore benessere rende anche la societ\u00e0 di questi anni pi\u00f9 spensierata. Per le case del popolo questo \u00e8 certamente uno dei periodi pi\u00f9 felici: accanto alla lotta politica esse diventano a pieno titolo luoghi di incontro e di divertimento, anche grazie all\u2019importante ruolo svolto dall\u2019ARCI, fondata nel 1957, che contribuisce ad aprire le case del popolo ai giovani e a sviluppare ulteriormente le finalit\u00e0 culturali delle organizzazioni politiche operaie. \u00c8 in questi anni che molti bar interni passano sotto la gestione ARCI che vi fonda i propri circoli e cura la programmazione di feste, cinema e altre attivit\u00e0 culturali.<br>Gli anni Sessanta sono anche il momento in cui si affermano quei rituali collettivi propri della neonata societ\u00e0 dei consumi; uno di questi \u00e8 certamente la televisione. Ancora assai rara nelle case, la TV \u00e8 uno straordinario momento di aggregazione, di dibattito e di svago ma anche, almeno fino all\u2019avvento delle reti televisive private, di alfabetizzazione delle masse popolari (si pensi al programma \u201cNon \u00e8 mai troppo tardi\u201d del maestro Alberto Manzi).<br>Per sapere come era organizzata una casa del popolo e quali attivit\u00e0 vi si svolgevano in questi anni visita il <strong><span style=\"text-decoration: underline;\"><a href=\"https:\/\/www.legacoopestense.coop\/memoriedalpopolo\/virtual-tour\/\">MUSEO VIRTUALE<\/a><\/span><\/strong>.<\/p>\n","protected":false},"excerpt":{"rendered":"<p>Gli anni Sessanta sono caratterizzati da un crescente benessere e dalla rapida trasformazione dell\u2019Italia da paese prevalentemente agricolo a paese industrializzato. Sono gli anni del \u201cboom economico\u201d e dell\u2019ingresso nella societ\u00e0 dei consumi.Anche nella provincia di Ferrara i cambiamenti in atto influiscono sulla qualit\u00e0 del lavoro e della vita, come riportato da molti testimoni: la [&hellip;]<\/p>\n","protected":false},"author":2,"featured_media":0,"parent":1412,"menu_order":0,"comment_status":"closed","ping_status":"closed","template":"","meta":{"footnotes":""},"class_list":["post-1699","page","type-page","status-publish","hentry"],"yoast_head":"<!-- This site is optimized with the Yoast SEO plugin v27.1.1 - https:\/\/yoast.com\/product\/yoast-seo-wordpress\/ -->\n<title>Le Case del Popolo, il boom economico e il consumismo nel secondo dopoguerra - Memorie dal Popolo<\/title>\n<meta name=\"robots\" content=\"index, follow, max-snippet:-1, max-image-preview:large, max-video-preview:-1\" \/>\n<link rel=\"canonical\" href=\"https:\/\/www.legacoopestense.coop\/memoriedalpopolo\/timeline\/le-case-del-popolo-il-boom-economico-e-il-consumismo-nel-secondo-dopoguerra\/\" \/>\n<meta property=\"og:locale\" content=\"it_IT\" \/>\n<meta property=\"og:type\" content=\"article\" \/>\n<meta property=\"og:title\" content=\"Le Case del Popolo, il boom economico e il consumismo nel secondo dopoguerra - Memorie dal Popolo\" \/>\n<meta property=\"og:description\" content=\"Gli anni Sessanta sono caratterizzati da un crescente benessere e dalla rapida trasformazione dell\u2019Italia da paese prevalentemente agricolo a paese industrializzato. Sono gli anni del \u201cboom economico\u201d e dell\u2019ingresso nella societ\u00e0 dei consumi.Anche nella provincia di Ferrara i cambiamenti in atto influiscono sulla qualit\u00e0 del lavoro e della vita, come riportato da molti testimoni: la [&hellip;]\" \/>\n<meta property=\"og:url\" content=\"https:\/\/www.legacoopestense.coop\/memoriedalpopolo\/timeline\/le-case-del-popolo-il-boom-economico-e-il-consumismo-nel-secondo-dopoguerra\/\" \/>\n<meta property=\"og:site_name\" content=\"Memorie dal Popolo\" \/>\n<meta property=\"article:modified_time\" content=\"2025-01-20T14:04:06+00:00\" \/>\n<meta name=\"twitter:card\" content=\"summary_large_image\" \/>\n<meta name=\"twitter:label1\" content=\"Tempo di lettura stimato\" \/>\n\t<meta name=\"twitter:data1\" content=\"2 minuti\" \/>\n<script type=\"application\/ld+json\" class=\"yoast-schema-graph\">{\"@context\":\"https:\/\/schema.org\",\"@graph\":[{\"@type\":\"WebPage\",\"@id\":\"https:\/\/www.legacoopestense.coop\/memoriedalpopolo\/timeline\/le-case-del-popolo-il-boom-economico-e-il-consumismo-nel-secondo-dopoguerra\/\",\"url\":\"https:\/\/www.legacoopestense.coop\/memoriedalpopolo\/timeline\/le-case-del-popolo-il-boom-economico-e-il-consumismo-nel-secondo-dopoguerra\/\",\"name\":\"Le Case del Popolo, il boom economico e il consumismo nel secondo dopoguerra - Memorie dal Popolo\",\"isPartOf\":{\"@id\":\"https:\/\/www.legacoopestense.coop\/memoriedalpopolo\/#website\"},\"datePublished\":\"2025-01-20T11:39:15+00:00\",\"dateModified\":\"2025-01-20T14:04:06+00:00\",\"breadcrumb\":{\"@id\":\"https:\/\/www.legacoopestense.coop\/memoriedalpopolo\/timeline\/le-case-del-popolo-il-boom-economico-e-il-consumismo-nel-secondo-dopoguerra\/#breadcrumb\"},\"inLanguage\":\"it-IT\",\"potentialAction\":[{\"@type\":\"ReadAction\",\"target\":[\"https:\/\/www.legacoopestense.coop\/memoriedalpopolo\/timeline\/le-case-del-popolo-il-boom-economico-e-il-consumismo-nel-secondo-dopoguerra\/\"]}]},{\"@type\":\"BreadcrumbList\",\"@id\":\"https:\/\/www.legacoopestense.coop\/memoriedalpopolo\/timeline\/le-case-del-popolo-il-boom-economico-e-il-consumismo-nel-secondo-dopoguerra\/#breadcrumb\",\"itemListElement\":[{\"@type\":\"ListItem\",\"position\":1,\"name\":\"Timeline\",\"item\":\"https:\/\/www.legacoopestense.coop\/memoriedalpopolo\/timeline\/\"},{\"@type\":\"ListItem\",\"position\":2,\"name\":\"Le Case del Popolo, il boom economico e il consumismo nel secondo dopoguerra\"}]},{\"@type\":\"WebSite\",\"@id\":\"https:\/\/www.legacoopestense.coop\/memoriedalpopolo\/#website\",\"url\":\"https:\/\/www.legacoopestense.coop\/memoriedalpopolo\/\",\"name\":\"Memorie dal Popolo\",\"description\":\"Legacoop Estense\",\"publisher\":{\"@id\":\"https:\/\/www.legacoopestense.coop\/memoriedalpopolo\/#organization\"},\"potentialAction\":[{\"@type\":\"SearchAction\",\"target\":{\"@type\":\"EntryPoint\",\"urlTemplate\":\"https:\/\/www.legacoopestense.coop\/memoriedalpopolo\/?s={search_term_string}\"},\"query-input\":{\"@type\":\"PropertyValueSpecification\",\"valueRequired\":true,\"valueName\":\"search_term_string\"}}],\"inLanguage\":\"it-IT\"},{\"@type\":\"Organization\",\"@id\":\"https:\/\/www.legacoopestense.coop\/memoriedalpopolo\/#organization\",\"name\":\"Memorie dal Popolo\",\"url\":\"https:\/\/www.legacoopestense.coop\/memoriedalpopolo\/\",\"logo\":{\"@type\":\"ImageObject\",\"inLanguage\":\"it-IT\",\"@id\":\"https:\/\/www.legacoopestense.coop\/memoriedalpopolo\/#\/schema\/logo\/image\/\",\"url\":\"https:\/\/www.legacoopestense.coop\/memoriedalpopolo\/wp-content\/uploads\/2023\/11\/Legacoop-Estense-3.png\",\"contentUrl\":\"https:\/\/www.legacoopestense.coop\/memoriedalpopolo\/wp-content\/uploads\/2023\/11\/Legacoop-Estense-3.png\",\"width\":7467,\"height\":2291,\"caption\":\"Memorie dal Popolo\"},\"image\":{\"@id\":\"https:\/\/www.legacoopestense.coop\/memoriedalpopolo\/#\/schema\/logo\/image\/\"}}]}<\/script>\n<!-- \/ Yoast SEO plugin. -->","yoast_head_json":{"title":"Le Case del Popolo, il boom economico e il consumismo nel secondo dopoguerra - Memorie dal Popolo","robots":{"index":"index","follow":"follow","max-snippet":"max-snippet:-1","max-image-preview":"max-image-preview:large","max-video-preview":"max-video-preview:-1"},"canonical":"https:\/\/www.legacoopestense.coop\/memoriedalpopolo\/timeline\/le-case-del-popolo-il-boom-economico-e-il-consumismo-nel-secondo-dopoguerra\/","og_locale":"it_IT","og_type":"article","og_title":"Le Case del Popolo, il boom economico e il consumismo nel secondo dopoguerra - Memorie dal Popolo","og_description":"Gli anni Sessanta sono caratterizzati da un crescente benessere e dalla rapida trasformazione dell\u2019Italia da paese prevalentemente agricolo a paese industrializzato. Sono gli anni del \u201cboom economico\u201d e dell\u2019ingresso nella societ\u00e0 dei consumi.Anche nella provincia di Ferrara i cambiamenti in atto influiscono sulla qualit\u00e0 del lavoro e della vita, come riportato da molti testimoni: la [&hellip;]","og_url":"https:\/\/www.legacoopestense.coop\/memoriedalpopolo\/timeline\/le-case-del-popolo-il-boom-economico-e-il-consumismo-nel-secondo-dopoguerra\/","og_site_name":"Memorie dal Popolo","article_modified_time":"2025-01-20T14:04:06+00:00","twitter_card":"summary_large_image","twitter_misc":{"Tempo di lettura stimato":"2 minuti"},"schema":{"@context":"https:\/\/schema.org","@graph":[{"@type":"WebPage","@id":"https:\/\/www.legacoopestense.coop\/memoriedalpopolo\/timeline\/le-case-del-popolo-il-boom-economico-e-il-consumismo-nel-secondo-dopoguerra\/","url":"https:\/\/www.legacoopestense.coop\/memoriedalpopolo\/timeline\/le-case-del-popolo-il-boom-economico-e-il-consumismo-nel-secondo-dopoguerra\/","name":"Le Case del Popolo, il boom economico e il consumismo nel secondo dopoguerra - Memorie dal Popolo","isPartOf":{"@id":"https:\/\/www.legacoopestense.coop\/memoriedalpopolo\/#website"},"datePublished":"2025-01-20T11:39:15+00:00","dateModified":"2025-01-20T14:04:06+00:00","breadcrumb":{"@id":"https:\/\/www.legacoopestense.coop\/memoriedalpopolo\/timeline\/le-case-del-popolo-il-boom-economico-e-il-consumismo-nel-secondo-dopoguerra\/#breadcrumb"},"inLanguage":"it-IT","potentialAction":[{"@type":"ReadAction","target":["https:\/\/www.legacoopestense.coop\/memoriedalpopolo\/timeline\/le-case-del-popolo-il-boom-economico-e-il-consumismo-nel-secondo-dopoguerra\/"]}]},{"@type":"BreadcrumbList","@id":"https:\/\/www.legacoopestense.coop\/memoriedalpopolo\/timeline\/le-case-del-popolo-il-boom-economico-e-il-consumismo-nel-secondo-dopoguerra\/#breadcrumb","itemListElement":[{"@type":"ListItem","position":1,"name":"Timeline","item":"https:\/\/www.legacoopestense.coop\/memoriedalpopolo\/timeline\/"},{"@type":"ListItem","position":2,"name":"Le Case del Popolo, il boom economico e il consumismo nel secondo dopoguerra"}]},{"@type":"WebSite","@id":"https:\/\/www.legacoopestense.coop\/memoriedalpopolo\/#website","url":"https:\/\/www.legacoopestense.coop\/memoriedalpopolo\/","name":"Memorie dal Popolo","description":"Legacoop Estense","publisher":{"@id":"https:\/\/www.legacoopestense.coop\/memoriedalpopolo\/#organization"},"potentialAction":[{"@type":"SearchAction","target":{"@type":"EntryPoint","urlTemplate":"https:\/\/www.legacoopestense.coop\/memoriedalpopolo\/?s={search_term_string}"},"query-input":{"@type":"PropertyValueSpecification","valueRequired":true,"valueName":"search_term_string"}}],"inLanguage":"it-IT"},{"@type":"Organization","@id":"https:\/\/www.legacoopestense.coop\/memoriedalpopolo\/#organization","name":"Memorie dal Popolo","url":"https:\/\/www.legacoopestense.coop\/memoriedalpopolo\/","logo":{"@type":"ImageObject","inLanguage":"it-IT","@id":"https:\/\/www.legacoopestense.coop\/memoriedalpopolo\/#\/schema\/logo\/image\/","url":"https:\/\/www.legacoopestense.coop\/memoriedalpopolo\/wp-content\/uploads\/2023\/11\/Legacoop-Estense-3.png","contentUrl":"https:\/\/www.legacoopestense.coop\/memoriedalpopolo\/wp-content\/uploads\/2023\/11\/Legacoop-Estense-3.png","width":7467,"height":2291,"caption":"Memorie dal Popolo"},"image":{"@id":"https:\/\/www.legacoopestense.coop\/memoriedalpopolo\/#\/schema\/logo\/image\/"}}]}},"_links":{"self":[{"href":"https:\/\/www.legacoopestense.coop\/memoriedalpopolo\/wp-json\/wp\/v2\/pages\/1699","targetHints":{"allow":["GET"]}}],"collection":[{"href":"https:\/\/www.legacoopestense.coop\/memoriedalpopolo\/wp-json\/wp\/v2\/pages"}],"about":[{"href":"https:\/\/www.legacoopestense.coop\/memoriedalpopolo\/wp-json\/wp\/v2\/types\/page"}],"author":[{"embeddable":true,"href":"https:\/\/www.legacoopestense.coop\/memoriedalpopolo\/wp-json\/wp\/v2\/users\/2"}],"replies":[{"embeddable":true,"href":"https:\/\/www.legacoopestense.coop\/memoriedalpopolo\/wp-json\/wp\/v2\/comments?post=1699"}],"version-history":[{"count":2,"href":"https:\/\/www.legacoopestense.coop\/memoriedalpopolo\/wp-json\/wp\/v2\/pages\/1699\/revisions"}],"predecessor-version":[{"id":1720,"href":"https:\/\/www.legacoopestense.coop\/memoriedalpopolo\/wp-json\/wp\/v2\/pages\/1699\/revisions\/1720"}],"up":[{"embeddable":true,"href":"https:\/\/www.legacoopestense.coop\/memoriedalpopolo\/wp-json\/wp\/v2\/pages\/1412"}],"wp:attachment":[{"href":"https:\/\/www.legacoopestense.coop\/memoriedalpopolo\/wp-json\/wp\/v2\/media?parent=1699"}],"curies":[{"name":"wp","href":"https:\/\/api.w.org\/{rel}","templated":true}]}}