{"id":1662,"date":"2025-01-13T13:07:26","date_gmt":"2025-01-13T12:07:26","guid":{"rendered":"https:\/\/www.legacoopestense.coop\/memoriedalpopolo\/?page_id=1662"},"modified":"2025-01-13T13:10:15","modified_gmt":"2025-01-13T12:10:15","slug":"la-liberazione-e-la-ricostruzione","status":"publish","type":"page","link":"https:\/\/www.legacoopestense.coop\/memoriedalpopolo\/timeline\/la-liberazione-e-la-ricostruzione\/","title":{"rendered":"La Liberazione e la ricostruzione"},"content":{"rendered":"\n<p>Dopo l&#8217;armistizio dell&#8217;8 settembre 1943 tra l&#8217;Italia e gli Alleati, gli ex edifici delle Case del Popolo e le Case del Fascio divengono veri e propri bivacchi per i repubblichini e l&#8217;esercito di occupazione tedesco. Le forze di opposizione al nazifascismo, gi\u00e0 private di luoghi di partecipazione democratica sin dall&#8217;ascesa di Mussolini vent&#8217;anni prima, sono costrette ad agire ora pi\u00f9 che mai nella clandestinit\u00e0, spesso rifugiandosi nelle aree vallive dell&#8217;argentano e del basso Ferrarese, come racconta mirabilmente il romanzo di Renata Vigan\u00f2 <em>L&#8217;Agnese va a morire<\/em>, e da l\u00ec condurre la guerra partigiana.&nbsp;<\/p>\n\n\n\n<p>Sar\u00e0 solo dopo la Liberazione, nell&#8217;aprile 1945, che le Case del Popolo, ove non siano state distrutte dai bombardamenti, vengono restituite ai legittimi proprietari. Nel clima di ritrovata libert\u00e0 democratica e animati dalla forte consapevolezza politica data dalla partecipazione attiva nella Resistenza, i partiti socialista e comunista, cos\u00ec come la CGIL e i braccianti nuovamente riuniti nel movimento cooperativo contribuiscono con il lavoro volontario e l&#8217;autotassazione alla riparazione dei danni e alla ricostruzione degli edifici. In alcuni casi tuttavia la situazione appare pi\u00f9 complessa. A Longastrino, ad esempio, nel 1932 il fascismo si era impossessato dell&#8217;edificio di propriet\u00e0 del Partito Socialista trasformandolo in Casa del Fascio ed \u00e8 solo nel 1955, con una sentenza della Corte d&#8217;Appello di Bologna, che il Demanio dello Stato \u00e8 costretto a restituire l&#8217;immobile e a pagare le spese dell&#8217;istruttoria. Un caso analogo \u00e8 quello della Casa del Popolo di Migliarino, che fu necessario, di fatto, acquistare tre volte (tra passaggi di propriet\u00e0, acquisto di parti di edificio, adeguamento dei locali in base alle leggi vigenti nel dopoguerra, sfratti) fino alla propriet\u00e0 definitiva da parte dei soci uniti in cooperativa.&nbsp;<\/p>\n\n\n\n<p>In molti casi le ricostituite (o fondate ex novo) cooperative di lavoratori che gestiranno le Case del Popolo, acquistano nuovi terreni in cui edificare nuovi edifici, pi\u00f9 grandi e adeguati sia alle esigenze delle comunit\u00e0 sia in grado di rappresentare meglio le forze politiche e sindacali uscite vincitrici dalla guerra e di organizzarne la lotta in un&#8217;Italia ancora profondamente divisa.&nbsp;<\/p>\n\n\n\n<p>Se l&#8217;esperienza della Resistenza e dell&#8217;Assemblea Costituente uniscono le diverse forze politiche in nome dell&#8217;antifascismo, \u00e8 anche vero che nel clima della Guerra Fredda si assiste rapidamente ad un ridimensionamento in senso repressivo delle istanze rivoluzionarie e riformiste che la lotta partigiana aveva alimentato soprattutto tra comunisti e socialisti. Lo sperato cambiamento dei rapporti di classe deve fare i conti, da un lato, con la \u201cragion di Stato\u201d, la necessit\u00e0 di pacificazione sociale, anche da parte della dirigenza di sinistra (Togliatti <em>in primis<\/em>); dall&#8217;altro lato, e come conseguenza di questa necessit\u00e0, con la mancata o quantomeno parziale condanna giuridica e storica di quanti avevano preso parte attiva nel regime fascista, che favorir\u00e0, tra gli altri, i grandi capitalisti e gli agrari che quel regime avevano sostenuto sin dal principio e che lascer\u00e0 una traccia profonda negli anni a venire e nel periodo pi\u00f9 buio della nostra storia repubblicana, gli Anni di Piombo.&nbsp;<\/p>\n\n\n\n<p>Il quindicennio che va dal 1945 al 1960, in particolare durante i governi Scelba (1954-1955) e Tambroni (1960), vide una forte repressione del dissenso bracciantile. Repressione che andava dal tentativo di depotenziare i luoghi e le aggregazioni proletarie attraverso, ad esempio, l&#8217;imposizione \u2013 tra il 1947 e il 1949 &#8211; di un canone di affitto a carico delle cooperative che amministravano le Case del Popolo (e in molti casi dello sfratto ove non si riuscisse a pagare), alla repressione armata vera e propria durante i numerosi scioperi che si svolsero nelle campagne (soprattutto nelle aree di bonifica) nei tardi anni &#8217;40 e nei primi anni &#8217;50. Alcuni episodi di forte risonanza anche nel ferrarese furono: il grande sciopero nazionale indetto dalla CGIL in seguito all&#8217;attentato a Togliatti il 14 luglio 1948 (che vide operai delle grandi citt\u00e0 e braccianti delle campagne uniti nella protesta ma che si concluse anche con un alto bilancio di feriti e di arresti) e l&#8217;uccisione da parte delle forze dell&#8217;ordine della mondina di Filo di Argenta Maria Margotti durante una manifestazione dei braccianti a Marmorta (Bologna) nel 1949. Questi non sono che due dei tanti, tra scioperi e manifestazioni contro il carovita, la mancanza di servizi sanitari, scuole, servizi di base (si ricordi che negli anni &#8217;50 nelle aree di bonifica mancava ancora la rete idrica di acqua potabile), migliori condizioni di compartecipazione tra collettivi agricoli e grandi proprietari agrari che nel primo dopoguerra vennero repressi con la violenza nel tentativo di arginare il consenso attorno ai partiti e ai sindacati di sinistra.&nbsp;&nbsp;<\/p>\n","protected":false},"excerpt":{"rendered":"<p>Dopo l&#8217;armistizio dell&#8217;8 settembre 1943 tra l&#8217;Italia e gli Alleati, gli ex edifici delle Case del Popolo e le Case del Fascio divengono veri e propri bivacchi per i repubblichini e l&#8217;esercito di occupazione tedesco. Le forze di opposizione al nazifascismo, gi\u00e0 private di luoghi di partecipazione democratica sin dall&#8217;ascesa di Mussolini vent&#8217;anni prima, sono [&hellip;]<\/p>\n","protected":false},"author":2,"featured_media":0,"parent":1412,"menu_order":0,"comment_status":"closed","ping_status":"closed","template":"","meta":{"footnotes":""},"class_list":["post-1662","page","type-page","status-publish","hentry"],"yoast_head":"<!-- This site is optimized with the Yoast SEO plugin v27.1.1 - https:\/\/yoast.com\/product\/yoast-seo-wordpress\/ -->\n<title>La Liberazione e la ricostruzione - Memorie dal Popolo<\/title>\n<meta name=\"robots\" content=\"index, follow, max-snippet:-1, max-image-preview:large, max-video-preview:-1\" \/>\n<link rel=\"canonical\" href=\"https:\/\/www.legacoopestense.coop\/memoriedalpopolo\/timeline\/la-liberazione-e-la-ricostruzione\/\" \/>\n<meta property=\"og:locale\" content=\"it_IT\" \/>\n<meta property=\"og:type\" content=\"article\" \/>\n<meta property=\"og:title\" content=\"La Liberazione e la ricostruzione - Memorie dal Popolo\" \/>\n<meta property=\"og:description\" content=\"Dopo l&#8217;armistizio dell&#8217;8 settembre 1943 tra l&#8217;Italia e gli Alleati, gli ex edifici delle Case del Popolo e le Case del Fascio divengono veri e propri bivacchi per i repubblichini e l&#8217;esercito di occupazione tedesco. Le forze di opposizione al nazifascismo, gi\u00e0 private di luoghi di partecipazione democratica sin dall&#8217;ascesa di Mussolini vent&#8217;anni prima, sono [&hellip;]\" \/>\n<meta property=\"og:url\" content=\"https:\/\/www.legacoopestense.coop\/memoriedalpopolo\/timeline\/la-liberazione-e-la-ricostruzione\/\" \/>\n<meta property=\"og:site_name\" content=\"Memorie dal Popolo\" \/>\n<meta property=\"article:modified_time\" content=\"2025-01-13T12:10:15+00:00\" \/>\n<meta name=\"twitter:card\" content=\"summary_large_image\" \/>\n<meta name=\"twitter:label1\" content=\"Tempo di lettura stimato\" \/>\n\t<meta name=\"twitter:data1\" content=\"4 minuti\" \/>\n<script type=\"application\/ld+json\" class=\"yoast-schema-graph\">{\"@context\":\"https:\/\/schema.org\",\"@graph\":[{\"@type\":\"WebPage\",\"@id\":\"https:\/\/www.legacoopestense.coop\/memoriedalpopolo\/timeline\/la-liberazione-e-la-ricostruzione\/\",\"url\":\"https:\/\/www.legacoopestense.coop\/memoriedalpopolo\/timeline\/la-liberazione-e-la-ricostruzione\/\",\"name\":\"La Liberazione e la ricostruzione - Memorie dal Popolo\",\"isPartOf\":{\"@id\":\"https:\/\/www.legacoopestense.coop\/memoriedalpopolo\/#website\"},\"datePublished\":\"2025-01-13T12:07:26+00:00\",\"dateModified\":\"2025-01-13T12:10:15+00:00\",\"breadcrumb\":{\"@id\":\"https:\/\/www.legacoopestense.coop\/memoriedalpopolo\/timeline\/la-liberazione-e-la-ricostruzione\/#breadcrumb\"},\"inLanguage\":\"it-IT\",\"potentialAction\":[{\"@type\":\"ReadAction\",\"target\":[\"https:\/\/www.legacoopestense.coop\/memoriedalpopolo\/timeline\/la-liberazione-e-la-ricostruzione\/\"]}]},{\"@type\":\"BreadcrumbList\",\"@id\":\"https:\/\/www.legacoopestense.coop\/memoriedalpopolo\/timeline\/la-liberazione-e-la-ricostruzione\/#breadcrumb\",\"itemListElement\":[{\"@type\":\"ListItem\",\"position\":1,\"name\":\"Timeline\",\"item\":\"https:\/\/www.legacoopestense.coop\/memoriedalpopolo\/timeline\/\"},{\"@type\":\"ListItem\",\"position\":2,\"name\":\"La Liberazione e la ricostruzione\"}]},{\"@type\":\"WebSite\",\"@id\":\"https:\/\/www.legacoopestense.coop\/memoriedalpopolo\/#website\",\"url\":\"https:\/\/www.legacoopestense.coop\/memoriedalpopolo\/\",\"name\":\"Memorie dal Popolo\",\"description\":\"Legacoop Estense\",\"publisher\":{\"@id\":\"https:\/\/www.legacoopestense.coop\/memoriedalpopolo\/#organization\"},\"potentialAction\":[{\"@type\":\"SearchAction\",\"target\":{\"@type\":\"EntryPoint\",\"urlTemplate\":\"https:\/\/www.legacoopestense.coop\/memoriedalpopolo\/?s={search_term_string}\"},\"query-input\":{\"@type\":\"PropertyValueSpecification\",\"valueRequired\":true,\"valueName\":\"search_term_string\"}}],\"inLanguage\":\"it-IT\"},{\"@type\":\"Organization\",\"@id\":\"https:\/\/www.legacoopestense.coop\/memoriedalpopolo\/#organization\",\"name\":\"Memorie dal Popolo\",\"url\":\"https:\/\/www.legacoopestense.coop\/memoriedalpopolo\/\",\"logo\":{\"@type\":\"ImageObject\",\"inLanguage\":\"it-IT\",\"@id\":\"https:\/\/www.legacoopestense.coop\/memoriedalpopolo\/#\/schema\/logo\/image\/\",\"url\":\"https:\/\/www.legacoopestense.coop\/memoriedalpopolo\/wp-content\/uploads\/2023\/11\/Legacoop-Estense-3.png\",\"contentUrl\":\"https:\/\/www.legacoopestense.coop\/memoriedalpopolo\/wp-content\/uploads\/2023\/11\/Legacoop-Estense-3.png\",\"width\":7467,\"height\":2291,\"caption\":\"Memorie dal Popolo\"},\"image\":{\"@id\":\"https:\/\/www.legacoopestense.coop\/memoriedalpopolo\/#\/schema\/logo\/image\/\"}}]}<\/script>\n<!-- \/ Yoast SEO plugin. -->","yoast_head_json":{"title":"La Liberazione e la ricostruzione - Memorie dal Popolo","robots":{"index":"index","follow":"follow","max-snippet":"max-snippet:-1","max-image-preview":"max-image-preview:large","max-video-preview":"max-video-preview:-1"},"canonical":"https:\/\/www.legacoopestense.coop\/memoriedalpopolo\/timeline\/la-liberazione-e-la-ricostruzione\/","og_locale":"it_IT","og_type":"article","og_title":"La Liberazione e la ricostruzione - Memorie dal Popolo","og_description":"Dopo l&#8217;armistizio dell&#8217;8 settembre 1943 tra l&#8217;Italia e gli Alleati, gli ex edifici delle Case del Popolo e le Case del Fascio divengono veri e propri bivacchi per i repubblichini e l&#8217;esercito di occupazione tedesco. Le forze di opposizione al nazifascismo, gi\u00e0 private di luoghi di partecipazione democratica sin dall&#8217;ascesa di Mussolini vent&#8217;anni prima, sono [&hellip;]","og_url":"https:\/\/www.legacoopestense.coop\/memoriedalpopolo\/timeline\/la-liberazione-e-la-ricostruzione\/","og_site_name":"Memorie dal Popolo","article_modified_time":"2025-01-13T12:10:15+00:00","twitter_card":"summary_large_image","twitter_misc":{"Tempo di lettura stimato":"4 minuti"},"schema":{"@context":"https:\/\/schema.org","@graph":[{"@type":"WebPage","@id":"https:\/\/www.legacoopestense.coop\/memoriedalpopolo\/timeline\/la-liberazione-e-la-ricostruzione\/","url":"https:\/\/www.legacoopestense.coop\/memoriedalpopolo\/timeline\/la-liberazione-e-la-ricostruzione\/","name":"La Liberazione e la ricostruzione - Memorie dal Popolo","isPartOf":{"@id":"https:\/\/www.legacoopestense.coop\/memoriedalpopolo\/#website"},"datePublished":"2025-01-13T12:07:26+00:00","dateModified":"2025-01-13T12:10:15+00:00","breadcrumb":{"@id":"https:\/\/www.legacoopestense.coop\/memoriedalpopolo\/timeline\/la-liberazione-e-la-ricostruzione\/#breadcrumb"},"inLanguage":"it-IT","potentialAction":[{"@type":"ReadAction","target":["https:\/\/www.legacoopestense.coop\/memoriedalpopolo\/timeline\/la-liberazione-e-la-ricostruzione\/"]}]},{"@type":"BreadcrumbList","@id":"https:\/\/www.legacoopestense.coop\/memoriedalpopolo\/timeline\/la-liberazione-e-la-ricostruzione\/#breadcrumb","itemListElement":[{"@type":"ListItem","position":1,"name":"Timeline","item":"https:\/\/www.legacoopestense.coop\/memoriedalpopolo\/timeline\/"},{"@type":"ListItem","position":2,"name":"La Liberazione e la ricostruzione"}]},{"@type":"WebSite","@id":"https:\/\/www.legacoopestense.coop\/memoriedalpopolo\/#website","url":"https:\/\/www.legacoopestense.coop\/memoriedalpopolo\/","name":"Memorie dal Popolo","description":"Legacoop Estense","publisher":{"@id":"https:\/\/www.legacoopestense.coop\/memoriedalpopolo\/#organization"},"potentialAction":[{"@type":"SearchAction","target":{"@type":"EntryPoint","urlTemplate":"https:\/\/www.legacoopestense.coop\/memoriedalpopolo\/?s={search_term_string}"},"query-input":{"@type":"PropertyValueSpecification","valueRequired":true,"valueName":"search_term_string"}}],"inLanguage":"it-IT"},{"@type":"Organization","@id":"https:\/\/www.legacoopestense.coop\/memoriedalpopolo\/#organization","name":"Memorie dal Popolo","url":"https:\/\/www.legacoopestense.coop\/memoriedalpopolo\/","logo":{"@type":"ImageObject","inLanguage":"it-IT","@id":"https:\/\/www.legacoopestense.coop\/memoriedalpopolo\/#\/schema\/logo\/image\/","url":"https:\/\/www.legacoopestense.coop\/memoriedalpopolo\/wp-content\/uploads\/2023\/11\/Legacoop-Estense-3.png","contentUrl":"https:\/\/www.legacoopestense.coop\/memoriedalpopolo\/wp-content\/uploads\/2023\/11\/Legacoop-Estense-3.png","width":7467,"height":2291,"caption":"Memorie dal Popolo"},"image":{"@id":"https:\/\/www.legacoopestense.coop\/memoriedalpopolo\/#\/schema\/logo\/image\/"}}]}},"_links":{"self":[{"href":"https:\/\/www.legacoopestense.coop\/memoriedalpopolo\/wp-json\/wp\/v2\/pages\/1662","targetHints":{"allow":["GET"]}}],"collection":[{"href":"https:\/\/www.legacoopestense.coop\/memoriedalpopolo\/wp-json\/wp\/v2\/pages"}],"about":[{"href":"https:\/\/www.legacoopestense.coop\/memoriedalpopolo\/wp-json\/wp\/v2\/types\/page"}],"author":[{"embeddable":true,"href":"https:\/\/www.legacoopestense.coop\/memoriedalpopolo\/wp-json\/wp\/v2\/users\/2"}],"replies":[{"embeddable":true,"href":"https:\/\/www.legacoopestense.coop\/memoriedalpopolo\/wp-json\/wp\/v2\/comments?post=1662"}],"version-history":[{"count":2,"href":"https:\/\/www.legacoopestense.coop\/memoriedalpopolo\/wp-json\/wp\/v2\/pages\/1662\/revisions"}],"predecessor-version":[{"id":1666,"href":"https:\/\/www.legacoopestense.coop\/memoriedalpopolo\/wp-json\/wp\/v2\/pages\/1662\/revisions\/1666"}],"up":[{"embeddable":true,"href":"https:\/\/www.legacoopestense.coop\/memoriedalpopolo\/wp-json\/wp\/v2\/pages\/1412"}],"wp:attachment":[{"href":"https:\/\/www.legacoopestense.coop\/memoriedalpopolo\/wp-json\/wp\/v2\/media?parent=1662"}],"curies":[{"name":"wp","href":"https:\/\/api.w.org\/{rel}","templated":true}]}}