{"id":1617,"date":"2025-01-13T12:27:21","date_gmt":"2025-01-13T11:27:21","guid":{"rendered":"https:\/\/www.legacoopestense.coop\/memoriedalpopolo\/?page_id=1617"},"modified":"2025-01-13T13:27:35","modified_gmt":"2025-01-13T12:27:35","slug":"la-nascita-del-movimento-bracciantile","status":"publish","type":"page","link":"https:\/\/www.legacoopestense.coop\/memoriedalpopolo\/timeline\/la-nascita-del-movimento-bracciantile\/","title":{"rendered":"La nascita del movimento bracciantile"},"content":{"rendered":"\n<p>Gli agrari ferraresi, tra la fine dell\u2019Ottocento ed i primi decenni del Novecento, erano i pi\u00f9 potenti d\u2019Italia ed erano in grado di influenzare le decisioni non solo economiche dell\u2019intero settore.<br>Dopo le grandi bonifiche, per rendere ancora pi\u00f9 alti i propri guadagni decisero che per lavorare le terre nuove emerse dopo le bonifiche non avrebbero pi\u00f9 usato contadini legati ai proprietari dei terreni da contratti di boaria, mezzadria, compartecipazione, affitto, che ne determinavano la stanzialit\u00e0 sui terreni da lavorare, ed il beneficio  di una casa nella quale vivere limitrofa ai terreni.<\/p>\n\n\n\n<p><br>Per aumentare i propri guadagni, infatti, decisero che sui nuovi terreni non avrebbero costruito case per le nuove maestranze e quindi, per lavorare quelle terre, si sarebbero serviti di operai agricoli a giornata, uomini e donne che la sera sarebbero tornati nelle proprie abitazioni.<\/p>\n\n\n\n<p><br>Nasceva cosi, proprio tra Ferrara e Rovigo, il bracciante agricolo, un operaio senza diritto alcuno, se non quello di lavorare ore ed ore, spostandosi a piedi da un fondo all\u2019altro, spesso in paesi molto lontani dal luogo di residenza, seguendo le chiamate dei padroni dei terreni, per una paga da fame e poche ore di sonno.<\/p>\n\n\n\n<p><br>La vita di questi lavoratori, i nuovi \u201cservi della gleba\u201d, novelli schiavi al servizio di un capitalismo agrario che interpretava la \u201cmodernizzazione\u201d, in atto in molte parti del mondo, semplicemente come un diritto sacrosanto a \u201cspremere\u201d il lavoratore il pi\u00f9 possibile, dando in cambio la pi\u00f9 misera delle paghe, rappresent\u00f2 un evidente salto all\u2019indietro rispetto a quella dei lavoratori della terra, che non potevano certe definirsi benestanti e che per\u00f2 potevano contare su contratti che consentivano loro di vivere sul fondo che lavoravano.<\/p>\n\n\n\n<p><br>Svegli all\u2019alba, si muovevano a piedi da un paese all\u2019altro, raggiungendo i luoghi nei quali c\u2019era bisogno della loro fatica. Lavoravano duramente per ore, si sostenevano con il poco cibo che i loro poveri salari consentivano e, distrutti dal lavoro, si sobbarcavano ore per tornare a casa, mangiare un povero pasto, dormire poco o nulla e riprendere di nuovo lo stesso tipo di giornata. Alla luce di ci\u00f2 non stupisce che l\u2019aspettativa di vita di quegli uomini e quelle donne fosse di meno di trent\u2019anni.<\/p>\n\n\n\n<p><br>Uomini e donne senza nulla da perdere che in breve tempo, grazie anche al partito socialista ed alle associazioni sindacali, diventeranno protagonisti di lotte epocali, in alcuni casi vincenti, per la conquista di miglioramenti economici e di diritti solo qualche decennio prima impensabili.<\/p>\n\n\n\n<p><\/p>\n","protected":false},"excerpt":{"rendered":"<p>Gli agrari ferraresi, tra la fine dell\u2019Ottocento ed i primi decenni del Novecento, erano i pi\u00f9 potenti d\u2019Italia ed erano in grado di influenzare le decisioni non solo economiche dell\u2019intero settore.Dopo le grandi bonifiche, per rendere ancora pi\u00f9 alti i propri guadagni decisero che per lavorare le terre nuove emerse dopo le bonifiche non avrebbero [&hellip;]<\/p>\n","protected":false},"author":2,"featured_media":0,"parent":1412,"menu_order":0,"comment_status":"closed","ping_status":"closed","template":"","meta":{"footnotes":""},"class_list":["post-1617","page","type-page","status-publish","hentry"],"yoast_head":"<!-- This site is optimized with the Yoast SEO plugin v27.1.1 - https:\/\/yoast.com\/product\/yoast-seo-wordpress\/ -->\n<title>La nascita del movimento bracciantile - Memorie dal Popolo<\/title>\n<meta name=\"robots\" content=\"index, follow, max-snippet:-1, max-image-preview:large, max-video-preview:-1\" \/>\n<link rel=\"canonical\" href=\"https:\/\/www.legacoopestense.coop\/memoriedalpopolo\/timeline\/la-nascita-del-movimento-bracciantile\/\" \/>\n<meta property=\"og:locale\" content=\"it_IT\" \/>\n<meta property=\"og:type\" content=\"article\" \/>\n<meta property=\"og:title\" content=\"La nascita del movimento bracciantile - Memorie dal Popolo\" \/>\n<meta property=\"og:description\" content=\"Gli agrari ferraresi, tra la fine dell\u2019Ottocento ed i primi decenni del Novecento, erano i pi\u00f9 potenti d\u2019Italia ed erano in grado di influenzare le decisioni non solo economiche dell\u2019intero settore.Dopo le grandi bonifiche, per rendere ancora pi\u00f9 alti i propri guadagni decisero che per lavorare le terre nuove emerse dopo le bonifiche non avrebbero [&hellip;]\" \/>\n<meta property=\"og:url\" content=\"https:\/\/www.legacoopestense.coop\/memoriedalpopolo\/timeline\/la-nascita-del-movimento-bracciantile\/\" \/>\n<meta property=\"og:site_name\" content=\"Memorie dal Popolo\" \/>\n<meta property=\"article:modified_time\" content=\"2025-01-13T12:27:35+00:00\" \/>\n<meta name=\"twitter:card\" content=\"summary_large_image\" \/>\n<meta name=\"twitter:label1\" content=\"Tempo di lettura stimato\" \/>\n\t<meta name=\"twitter:data1\" content=\"3 minuti\" \/>\n<script type=\"application\/ld+json\" class=\"yoast-schema-graph\">{\"@context\":\"https:\/\/schema.org\",\"@graph\":[{\"@type\":\"WebPage\",\"@id\":\"https:\/\/www.legacoopestense.coop\/memoriedalpopolo\/timeline\/la-nascita-del-movimento-bracciantile\/\",\"url\":\"https:\/\/www.legacoopestense.coop\/memoriedalpopolo\/timeline\/la-nascita-del-movimento-bracciantile\/\",\"name\":\"La nascita del movimento bracciantile - Memorie dal Popolo\",\"isPartOf\":{\"@id\":\"https:\/\/www.legacoopestense.coop\/memoriedalpopolo\/#website\"},\"datePublished\":\"2025-01-13T11:27:21+00:00\",\"dateModified\":\"2025-01-13T12:27:35+00:00\",\"breadcrumb\":{\"@id\":\"https:\/\/www.legacoopestense.coop\/memoriedalpopolo\/timeline\/la-nascita-del-movimento-bracciantile\/#breadcrumb\"},\"inLanguage\":\"it-IT\",\"potentialAction\":[{\"@type\":\"ReadAction\",\"target\":[\"https:\/\/www.legacoopestense.coop\/memoriedalpopolo\/timeline\/la-nascita-del-movimento-bracciantile\/\"]}]},{\"@type\":\"BreadcrumbList\",\"@id\":\"https:\/\/www.legacoopestense.coop\/memoriedalpopolo\/timeline\/la-nascita-del-movimento-bracciantile\/#breadcrumb\",\"itemListElement\":[{\"@type\":\"ListItem\",\"position\":1,\"name\":\"Timeline\",\"item\":\"https:\/\/www.legacoopestense.coop\/memoriedalpopolo\/timeline\/\"},{\"@type\":\"ListItem\",\"position\":2,\"name\":\"La nascita del movimento bracciantile\"}]},{\"@type\":\"WebSite\",\"@id\":\"https:\/\/www.legacoopestense.coop\/memoriedalpopolo\/#website\",\"url\":\"https:\/\/www.legacoopestense.coop\/memoriedalpopolo\/\",\"name\":\"Memorie dal Popolo\",\"description\":\"Legacoop Estense\",\"publisher\":{\"@id\":\"https:\/\/www.legacoopestense.coop\/memoriedalpopolo\/#organization\"},\"potentialAction\":[{\"@type\":\"SearchAction\",\"target\":{\"@type\":\"EntryPoint\",\"urlTemplate\":\"https:\/\/www.legacoopestense.coop\/memoriedalpopolo\/?s={search_term_string}\"},\"query-input\":{\"@type\":\"PropertyValueSpecification\",\"valueRequired\":true,\"valueName\":\"search_term_string\"}}],\"inLanguage\":\"it-IT\"},{\"@type\":\"Organization\",\"@id\":\"https:\/\/www.legacoopestense.coop\/memoriedalpopolo\/#organization\",\"name\":\"Memorie dal Popolo\",\"url\":\"https:\/\/www.legacoopestense.coop\/memoriedalpopolo\/\",\"logo\":{\"@type\":\"ImageObject\",\"inLanguage\":\"it-IT\",\"@id\":\"https:\/\/www.legacoopestense.coop\/memoriedalpopolo\/#\/schema\/logo\/image\/\",\"url\":\"https:\/\/www.legacoopestense.coop\/memoriedalpopolo\/wp-content\/uploads\/2023\/11\/Legacoop-Estense-3.png\",\"contentUrl\":\"https:\/\/www.legacoopestense.coop\/memoriedalpopolo\/wp-content\/uploads\/2023\/11\/Legacoop-Estense-3.png\",\"width\":7467,\"height\":2291,\"caption\":\"Memorie dal Popolo\"},\"image\":{\"@id\":\"https:\/\/www.legacoopestense.coop\/memoriedalpopolo\/#\/schema\/logo\/image\/\"}}]}<\/script>\n<!-- \/ Yoast SEO plugin. -->","yoast_head_json":{"title":"La nascita del movimento bracciantile - Memorie dal Popolo","robots":{"index":"index","follow":"follow","max-snippet":"max-snippet:-1","max-image-preview":"max-image-preview:large","max-video-preview":"max-video-preview:-1"},"canonical":"https:\/\/www.legacoopestense.coop\/memoriedalpopolo\/timeline\/la-nascita-del-movimento-bracciantile\/","og_locale":"it_IT","og_type":"article","og_title":"La nascita del movimento bracciantile - Memorie dal Popolo","og_description":"Gli agrari ferraresi, tra la fine dell\u2019Ottocento ed i primi decenni del Novecento, erano i pi\u00f9 potenti d\u2019Italia ed erano in grado di influenzare le decisioni non solo economiche dell\u2019intero settore.Dopo le grandi bonifiche, per rendere ancora pi\u00f9 alti i propri guadagni decisero che per lavorare le terre nuove emerse dopo le bonifiche non avrebbero [&hellip;]","og_url":"https:\/\/www.legacoopestense.coop\/memoriedalpopolo\/timeline\/la-nascita-del-movimento-bracciantile\/","og_site_name":"Memorie dal Popolo","article_modified_time":"2025-01-13T12:27:35+00:00","twitter_card":"summary_large_image","twitter_misc":{"Tempo di lettura stimato":"3 minuti"},"schema":{"@context":"https:\/\/schema.org","@graph":[{"@type":"WebPage","@id":"https:\/\/www.legacoopestense.coop\/memoriedalpopolo\/timeline\/la-nascita-del-movimento-bracciantile\/","url":"https:\/\/www.legacoopestense.coop\/memoriedalpopolo\/timeline\/la-nascita-del-movimento-bracciantile\/","name":"La nascita del movimento bracciantile - Memorie dal Popolo","isPartOf":{"@id":"https:\/\/www.legacoopestense.coop\/memoriedalpopolo\/#website"},"datePublished":"2025-01-13T11:27:21+00:00","dateModified":"2025-01-13T12:27:35+00:00","breadcrumb":{"@id":"https:\/\/www.legacoopestense.coop\/memoriedalpopolo\/timeline\/la-nascita-del-movimento-bracciantile\/#breadcrumb"},"inLanguage":"it-IT","potentialAction":[{"@type":"ReadAction","target":["https:\/\/www.legacoopestense.coop\/memoriedalpopolo\/timeline\/la-nascita-del-movimento-bracciantile\/"]}]},{"@type":"BreadcrumbList","@id":"https:\/\/www.legacoopestense.coop\/memoriedalpopolo\/timeline\/la-nascita-del-movimento-bracciantile\/#breadcrumb","itemListElement":[{"@type":"ListItem","position":1,"name":"Timeline","item":"https:\/\/www.legacoopestense.coop\/memoriedalpopolo\/timeline\/"},{"@type":"ListItem","position":2,"name":"La nascita del movimento bracciantile"}]},{"@type":"WebSite","@id":"https:\/\/www.legacoopestense.coop\/memoriedalpopolo\/#website","url":"https:\/\/www.legacoopestense.coop\/memoriedalpopolo\/","name":"Memorie dal Popolo","description":"Legacoop Estense","publisher":{"@id":"https:\/\/www.legacoopestense.coop\/memoriedalpopolo\/#organization"},"potentialAction":[{"@type":"SearchAction","target":{"@type":"EntryPoint","urlTemplate":"https:\/\/www.legacoopestense.coop\/memoriedalpopolo\/?s={search_term_string}"},"query-input":{"@type":"PropertyValueSpecification","valueRequired":true,"valueName":"search_term_string"}}],"inLanguage":"it-IT"},{"@type":"Organization","@id":"https:\/\/www.legacoopestense.coop\/memoriedalpopolo\/#organization","name":"Memorie dal Popolo","url":"https:\/\/www.legacoopestense.coop\/memoriedalpopolo\/","logo":{"@type":"ImageObject","inLanguage":"it-IT","@id":"https:\/\/www.legacoopestense.coop\/memoriedalpopolo\/#\/schema\/logo\/image\/","url":"https:\/\/www.legacoopestense.coop\/memoriedalpopolo\/wp-content\/uploads\/2023\/11\/Legacoop-Estense-3.png","contentUrl":"https:\/\/www.legacoopestense.coop\/memoriedalpopolo\/wp-content\/uploads\/2023\/11\/Legacoop-Estense-3.png","width":7467,"height":2291,"caption":"Memorie dal Popolo"},"image":{"@id":"https:\/\/www.legacoopestense.coop\/memoriedalpopolo\/#\/schema\/logo\/image\/"}}]}},"_links":{"self":[{"href":"https:\/\/www.legacoopestense.coop\/memoriedalpopolo\/wp-json\/wp\/v2\/pages\/1617","targetHints":{"allow":["GET"]}}],"collection":[{"href":"https:\/\/www.legacoopestense.coop\/memoriedalpopolo\/wp-json\/wp\/v2\/pages"}],"about":[{"href":"https:\/\/www.legacoopestense.coop\/memoriedalpopolo\/wp-json\/wp\/v2\/types\/page"}],"author":[{"embeddable":true,"href":"https:\/\/www.legacoopestense.coop\/memoriedalpopolo\/wp-json\/wp\/v2\/users\/2"}],"replies":[{"embeddable":true,"href":"https:\/\/www.legacoopestense.coop\/memoriedalpopolo\/wp-json\/wp\/v2\/comments?post=1617"}],"version-history":[{"count":2,"href":"https:\/\/www.legacoopestense.coop\/memoriedalpopolo\/wp-json\/wp\/v2\/pages\/1617\/revisions"}],"predecessor-version":[{"id":1681,"href":"https:\/\/www.legacoopestense.coop\/memoriedalpopolo\/wp-json\/wp\/v2\/pages\/1617\/revisions\/1681"}],"up":[{"embeddable":true,"href":"https:\/\/www.legacoopestense.coop\/memoriedalpopolo\/wp-json\/wp\/v2\/pages\/1412"}],"wp:attachment":[{"href":"https:\/\/www.legacoopestense.coop\/memoriedalpopolo\/wp-json\/wp\/v2\/media?parent=1617"}],"curies":[{"name":"wp","href":"https:\/\/api.w.org\/{rel}","templated":true}]}}