{"id":1597,"date":"2025-01-13T11:01:34","date_gmt":"2025-01-13T10:01:34","guid":{"rendered":"https:\/\/www.legacoopestense.coop\/memoriedalpopolo\/?page_id=1597"},"modified":"2025-01-13T13:29:18","modified_gmt":"2025-01-13T12:29:18","slug":"le-societa-di-mutuo-soccorso-e-le-bonifiche","status":"publish","type":"page","link":"https:\/\/www.legacoopestense.coop\/memoriedalpopolo\/timeline\/le-societa-di-mutuo-soccorso-e-le-bonifiche\/","title":{"rendered":"Le Societ\u00e0 di Mutuo Soccorso e le Bonifiche"},"content":{"rendered":"\n<h2 class=\"wp-block-heading\"><strong>Le Societ\u00e0 di Mutuo Soccorso <\/strong><\/h2>\n\n\n\n<p>Le Societ\u00e0 di Mutuo Soccorso nacquero tra la fine del \u2018700 e gli inizi dell\u2019800, quando si svilupparono con maggiore forza, per rispondere ai bisogni degli operai industriali e di quelli agricoli, sfruttati e senza diritti. Ai \u201cproletari\u201d, cos\u00ec erano chiamati quei lavoratori che come gli operai e i braccianti agricoli potevano vantare come unica \u201cpropriet\u00e0\u201d i figli, non si vedeva riconosciuto nessun diritto che non fosse quello di una misera paga, che li costringeva ad una vita di fame. Non erano, quindi, riconosciuti loro n\u00e9 diritti sanitari (quando si ammalavano non avevano diritto ad assentarsi dal lavoro e tantomeno, se accadeva, potevano restare a casa ricevendo lo stipendio) n\u00e9 previdenziale (pensione o assistenza in caso di invalidit\u00e0 per cause lavorative). Gli operai compresero che per cercare di ovviare ad una societ\u00e0 dove l\u2019ingiustizia e la diseguaglianza la facevano da padrone era necessario cominciare ad aiutarsi e a sostenersi \u201cgli uni con gli altri\u201d. E fu proprio questo principio di solidariet\u00e0 tra sfruttati che fu collocato alla base della nascite delle Societ\u00e0 di Mutuo Soccorso.<\/p>\n\n\n\n<p>Come funzionavano queste Societ\u00e0? I lavoratori, i soci, versavano ogni mese delle piccole somme mensili in modo che, quando il lavoratore e la sua famiglia si fossero trovati in difficolt\u00e0, la Societ\u00e0 avrebbe potuto intervenire. Si interveniva per cure, per mancanza di salario e per aiutare la famiglia qualora fosse morto il lavoratore che la manteneva.<\/p>\n\n\n\n<p>La Societ\u00e0 di Mutuo Soccorso si reggeva su un principio centrale nella storia dei lavoratori, sia di orientamento socialista sia cristiano, quello della solidariet\u00e0: mettere tutti in comune un pochino ogni mese, per avere, in caso di bisogno, aiuto dalla Societ\u00e0 stessa.<br>Le prime societ\u00e0 di Mutuo Soccorso, sostenute in questi primi casi principalmente da filantropi, di cui si ha notizia in Italia risalgono al 1848, periodo di grandi rivolgimenti e nel quale iniziano a circolare studi di grande importanza, come il \u201cLavoro salariato e capitale\u201d di Karl Marx nei quali si analizzava la condizione dei lavoratori proletari. Queste Societ\u00e0 si collocarono principalmente nelle regioni maggiormente industrializzate, Piemonte, Lombardia, Toscana, per poi estendersi ad altre del centro-nord.<\/p>\n\n\n\n<p>Fu nel 1860 che il fenomeno divenne di portata nazionale, dal momento che questo si era configurato come uno dei pochi strumenti in grado di sopperire all\u2019assenza di politiche sociali da parte dello stato.<br>Normalmente queste societ\u00e0 erano costituite da lavoratori appartenenti a diversi settori, ma alcune erano rivolte a specifiche categorie: come ad esempio quelle dei ferrovieri, una delle categorie di lavoratori che pi\u00f9 di altre si legarono alle associazioni sindacali e si impegnarono attivamente per il miglioramenti sia salariali sia di vita dei lavoratori.<\/p>\n\n\n\n<h2 class=\"wp-block-heading\"><br><strong>Le Grandi Bonifiche <\/strong><\/h2>\n\n\n\n<p>La Societ\u00e0 Bonifiche Ferraresi venne costituita in Inghilterra nel 1871 col nome di Ferrarese Land Reclamation Company Limited e aveva come obiettivo sociale la bonifica di laghi, l&#8217;acquisto di paludi e terreni nelle vicinanze di Ferrara e in altre localit\u00e0 del Regno d&#8217;Italia, attivit\u00e0 di bonifica ed altro. Un regio decreto del gennaio 1872 abilit\u00f2 la societ\u00e0 ad operare nel Regno d&#8217;Italia ed assunse il nome di <strong>Societ\u00e0 per la bonifica dei terreni ferraresi<\/strong> che divenne nota con l\u2019acronimo di <strong>SBTF<\/strong>.<\/p>\n\n\n\n<p><br>Superati momenti di grande difficolt\u00e0 tecnica e dopo un periodo in cui la societ\u00e0 aveva pensato, in conseguenza di ci\u00f2, ad una liquidazione, dal 1898 torn\u00f2 pienamente in attivit\u00e0, operando nel ferrarese, ma anche a Lecce, Arezzo, Brindisi.<br><\/p>\n\n\n\n<p>Il processo di bonifica, figlio di quei tempi e della evoluzione degli studi di meccanica e di idraulica che consentirono di costruire macchine di grande potenza, pareva essere foriero di enormi miglioramenti nella qualit\u00e0 di vita dei lavoratori agricoli di quelle zone, cosa che, in realt\u00e0, non accadde, a causa della volont\u00e0 sfruttatrice ed arretrata dei capitalisti agrari.<\/p>\n\n\n\n<p><br>Nel Ferrarese, la messa sul mercato di enormi quantit\u00e0 di terre emerse dalle bonifiche, che vennero comperate prioritariamente da quelli che erano gi\u00e0 i pi\u00f9 importanti agrari della zona e da societ\u00e0 per azioni, diede vita ad una crescita esponenziale delle grandi propriet\u00e0 che, in alcuni casi, si configurarono come veri e propri latifondi.<\/p>\n\n\n\n<p><\/p>\n","protected":false},"excerpt":{"rendered":"<p>Le Societ\u00e0 di Mutuo Soccorso Le Societ\u00e0 di Mutuo Soccorso nacquero tra la fine del \u2018700 e gli inizi dell\u2019800, quando si svilupparono con maggiore forza, per rispondere ai bisogni degli operai industriali e di quelli agricoli, sfruttati e senza diritti. Ai \u201cproletari\u201d, cos\u00ec erano chiamati quei lavoratori che come gli operai e i braccianti [&hellip;]<\/p>\n","protected":false},"author":2,"featured_media":0,"parent":1412,"menu_order":0,"comment_status":"closed","ping_status":"closed","template":"","meta":{"footnotes":""},"class_list":["post-1597","page","type-page","status-publish","hentry"],"yoast_head":"<!-- This site is optimized with the Yoast SEO plugin v27.1.1 - https:\/\/yoast.com\/product\/yoast-seo-wordpress\/ -->\n<title>Le Societ\u00e0 di Mutuo Soccorso e le Bonifiche - Memorie dal Popolo<\/title>\n<meta name=\"robots\" content=\"index, follow, max-snippet:-1, max-image-preview:large, max-video-preview:-1\" \/>\n<link rel=\"canonical\" href=\"https:\/\/www.legacoopestense.coop\/memoriedalpopolo\/timeline\/le-societa-di-mutuo-soccorso-e-le-bonifiche\/\" \/>\n<meta property=\"og:locale\" content=\"it_IT\" \/>\n<meta property=\"og:type\" content=\"article\" \/>\n<meta property=\"og:title\" content=\"Le Societ\u00e0 di Mutuo Soccorso e le Bonifiche - Memorie dal Popolo\" \/>\n<meta property=\"og:description\" content=\"Le Societ\u00e0 di Mutuo Soccorso Le Societ\u00e0 di Mutuo Soccorso nacquero tra la fine del \u2018700 e gli inizi dell\u2019800, quando si svilupparono con maggiore forza, per rispondere ai bisogni degli operai industriali e di quelli agricoli, sfruttati e senza diritti. Ai \u201cproletari\u201d, cos\u00ec erano chiamati quei lavoratori che come gli operai e i braccianti [&hellip;]\" \/>\n<meta property=\"og:url\" content=\"https:\/\/www.legacoopestense.coop\/memoriedalpopolo\/timeline\/le-societa-di-mutuo-soccorso-e-le-bonifiche\/\" \/>\n<meta property=\"og:site_name\" content=\"Memorie dal Popolo\" \/>\n<meta property=\"article:modified_time\" content=\"2025-01-13T12:29:18+00:00\" \/>\n<meta name=\"twitter:card\" content=\"summary_large_image\" \/>\n<meta name=\"twitter:label1\" content=\"Tempo di lettura stimato\" \/>\n\t<meta name=\"twitter:data1\" content=\"4 minuti\" \/>\n<script type=\"application\/ld+json\" class=\"yoast-schema-graph\">{\"@context\":\"https:\/\/schema.org\",\"@graph\":[{\"@type\":\"WebPage\",\"@id\":\"https:\/\/www.legacoopestense.coop\/memoriedalpopolo\/timeline\/le-societa-di-mutuo-soccorso-e-le-bonifiche\/\",\"url\":\"https:\/\/www.legacoopestense.coop\/memoriedalpopolo\/timeline\/le-societa-di-mutuo-soccorso-e-le-bonifiche\/\",\"name\":\"Le Societ\u00e0 di Mutuo Soccorso e le Bonifiche - Memorie dal Popolo\",\"isPartOf\":{\"@id\":\"https:\/\/www.legacoopestense.coop\/memoriedalpopolo\/#website\"},\"datePublished\":\"2025-01-13T10:01:34+00:00\",\"dateModified\":\"2025-01-13T12:29:18+00:00\",\"breadcrumb\":{\"@id\":\"https:\/\/www.legacoopestense.coop\/memoriedalpopolo\/timeline\/le-societa-di-mutuo-soccorso-e-le-bonifiche\/#breadcrumb\"},\"inLanguage\":\"it-IT\",\"potentialAction\":[{\"@type\":\"ReadAction\",\"target\":[\"https:\/\/www.legacoopestense.coop\/memoriedalpopolo\/timeline\/le-societa-di-mutuo-soccorso-e-le-bonifiche\/\"]}]},{\"@type\":\"BreadcrumbList\",\"@id\":\"https:\/\/www.legacoopestense.coop\/memoriedalpopolo\/timeline\/le-societa-di-mutuo-soccorso-e-le-bonifiche\/#breadcrumb\",\"itemListElement\":[{\"@type\":\"ListItem\",\"position\":1,\"name\":\"Timeline\",\"item\":\"https:\/\/www.legacoopestense.coop\/memoriedalpopolo\/timeline\/\"},{\"@type\":\"ListItem\",\"position\":2,\"name\":\"Le Societ\u00e0 di Mutuo Soccorso e le Bonifiche\"}]},{\"@type\":\"WebSite\",\"@id\":\"https:\/\/www.legacoopestense.coop\/memoriedalpopolo\/#website\",\"url\":\"https:\/\/www.legacoopestense.coop\/memoriedalpopolo\/\",\"name\":\"Memorie dal Popolo\",\"description\":\"Legacoop Estense\",\"publisher\":{\"@id\":\"https:\/\/www.legacoopestense.coop\/memoriedalpopolo\/#organization\"},\"potentialAction\":[{\"@type\":\"SearchAction\",\"target\":{\"@type\":\"EntryPoint\",\"urlTemplate\":\"https:\/\/www.legacoopestense.coop\/memoriedalpopolo\/?s={search_term_string}\"},\"query-input\":{\"@type\":\"PropertyValueSpecification\",\"valueRequired\":true,\"valueName\":\"search_term_string\"}}],\"inLanguage\":\"it-IT\"},{\"@type\":\"Organization\",\"@id\":\"https:\/\/www.legacoopestense.coop\/memoriedalpopolo\/#organization\",\"name\":\"Memorie dal Popolo\",\"url\":\"https:\/\/www.legacoopestense.coop\/memoriedalpopolo\/\",\"logo\":{\"@type\":\"ImageObject\",\"inLanguage\":\"it-IT\",\"@id\":\"https:\/\/www.legacoopestense.coop\/memoriedalpopolo\/#\/schema\/logo\/image\/\",\"url\":\"https:\/\/www.legacoopestense.coop\/memoriedalpopolo\/wp-content\/uploads\/2023\/11\/Legacoop-Estense-3.png\",\"contentUrl\":\"https:\/\/www.legacoopestense.coop\/memoriedalpopolo\/wp-content\/uploads\/2023\/11\/Legacoop-Estense-3.png\",\"width\":7467,\"height\":2291,\"caption\":\"Memorie dal Popolo\"},\"image\":{\"@id\":\"https:\/\/www.legacoopestense.coop\/memoriedalpopolo\/#\/schema\/logo\/image\/\"}}]}<\/script>\n<!-- \/ Yoast SEO plugin. -->","yoast_head_json":{"title":"Le Societ\u00e0 di Mutuo Soccorso e le Bonifiche - Memorie dal Popolo","robots":{"index":"index","follow":"follow","max-snippet":"max-snippet:-1","max-image-preview":"max-image-preview:large","max-video-preview":"max-video-preview:-1"},"canonical":"https:\/\/www.legacoopestense.coop\/memoriedalpopolo\/timeline\/le-societa-di-mutuo-soccorso-e-le-bonifiche\/","og_locale":"it_IT","og_type":"article","og_title":"Le Societ\u00e0 di Mutuo Soccorso e le Bonifiche - Memorie dal Popolo","og_description":"Le Societ\u00e0 di Mutuo Soccorso Le Societ\u00e0 di Mutuo Soccorso nacquero tra la fine del \u2018700 e gli inizi dell\u2019800, quando si svilupparono con maggiore forza, per rispondere ai bisogni degli operai industriali e di quelli agricoli, sfruttati e senza diritti. Ai \u201cproletari\u201d, cos\u00ec erano chiamati quei lavoratori che come gli operai e i braccianti [&hellip;]","og_url":"https:\/\/www.legacoopestense.coop\/memoriedalpopolo\/timeline\/le-societa-di-mutuo-soccorso-e-le-bonifiche\/","og_site_name":"Memorie dal Popolo","article_modified_time":"2025-01-13T12:29:18+00:00","twitter_card":"summary_large_image","twitter_misc":{"Tempo di lettura stimato":"4 minuti"},"schema":{"@context":"https:\/\/schema.org","@graph":[{"@type":"WebPage","@id":"https:\/\/www.legacoopestense.coop\/memoriedalpopolo\/timeline\/le-societa-di-mutuo-soccorso-e-le-bonifiche\/","url":"https:\/\/www.legacoopestense.coop\/memoriedalpopolo\/timeline\/le-societa-di-mutuo-soccorso-e-le-bonifiche\/","name":"Le Societ\u00e0 di Mutuo Soccorso e le Bonifiche - Memorie dal Popolo","isPartOf":{"@id":"https:\/\/www.legacoopestense.coop\/memoriedalpopolo\/#website"},"datePublished":"2025-01-13T10:01:34+00:00","dateModified":"2025-01-13T12:29:18+00:00","breadcrumb":{"@id":"https:\/\/www.legacoopestense.coop\/memoriedalpopolo\/timeline\/le-societa-di-mutuo-soccorso-e-le-bonifiche\/#breadcrumb"},"inLanguage":"it-IT","potentialAction":[{"@type":"ReadAction","target":["https:\/\/www.legacoopestense.coop\/memoriedalpopolo\/timeline\/le-societa-di-mutuo-soccorso-e-le-bonifiche\/"]}]},{"@type":"BreadcrumbList","@id":"https:\/\/www.legacoopestense.coop\/memoriedalpopolo\/timeline\/le-societa-di-mutuo-soccorso-e-le-bonifiche\/#breadcrumb","itemListElement":[{"@type":"ListItem","position":1,"name":"Timeline","item":"https:\/\/www.legacoopestense.coop\/memoriedalpopolo\/timeline\/"},{"@type":"ListItem","position":2,"name":"Le Societ\u00e0 di Mutuo Soccorso e le Bonifiche"}]},{"@type":"WebSite","@id":"https:\/\/www.legacoopestense.coop\/memoriedalpopolo\/#website","url":"https:\/\/www.legacoopestense.coop\/memoriedalpopolo\/","name":"Memorie dal Popolo","description":"Legacoop Estense","publisher":{"@id":"https:\/\/www.legacoopestense.coop\/memoriedalpopolo\/#organization"},"potentialAction":[{"@type":"SearchAction","target":{"@type":"EntryPoint","urlTemplate":"https:\/\/www.legacoopestense.coop\/memoriedalpopolo\/?s={search_term_string}"},"query-input":{"@type":"PropertyValueSpecification","valueRequired":true,"valueName":"search_term_string"}}],"inLanguage":"it-IT"},{"@type":"Organization","@id":"https:\/\/www.legacoopestense.coop\/memoriedalpopolo\/#organization","name":"Memorie dal Popolo","url":"https:\/\/www.legacoopestense.coop\/memoriedalpopolo\/","logo":{"@type":"ImageObject","inLanguage":"it-IT","@id":"https:\/\/www.legacoopestense.coop\/memoriedalpopolo\/#\/schema\/logo\/image\/","url":"https:\/\/www.legacoopestense.coop\/memoriedalpopolo\/wp-content\/uploads\/2023\/11\/Legacoop-Estense-3.png","contentUrl":"https:\/\/www.legacoopestense.coop\/memoriedalpopolo\/wp-content\/uploads\/2023\/11\/Legacoop-Estense-3.png","width":7467,"height":2291,"caption":"Memorie dal Popolo"},"image":{"@id":"https:\/\/www.legacoopestense.coop\/memoriedalpopolo\/#\/schema\/logo\/image\/"}}]}},"_links":{"self":[{"href":"https:\/\/www.legacoopestense.coop\/memoriedalpopolo\/wp-json\/wp\/v2\/pages\/1597","targetHints":{"allow":["GET"]}}],"collection":[{"href":"https:\/\/www.legacoopestense.coop\/memoriedalpopolo\/wp-json\/wp\/v2\/pages"}],"about":[{"href":"https:\/\/www.legacoopestense.coop\/memoriedalpopolo\/wp-json\/wp\/v2\/types\/page"}],"author":[{"embeddable":true,"href":"https:\/\/www.legacoopestense.coop\/memoriedalpopolo\/wp-json\/wp\/v2\/users\/2"}],"replies":[{"embeddable":true,"href":"https:\/\/www.legacoopestense.coop\/memoriedalpopolo\/wp-json\/wp\/v2\/comments?post=1597"}],"version-history":[{"count":7,"href":"https:\/\/www.legacoopestense.coop\/memoriedalpopolo\/wp-json\/wp\/v2\/pages\/1597\/revisions"}],"predecessor-version":[{"id":1685,"href":"https:\/\/www.legacoopestense.coop\/memoriedalpopolo\/wp-json\/wp\/v2\/pages\/1597\/revisions\/1685"}],"up":[{"embeddable":true,"href":"https:\/\/www.legacoopestense.coop\/memoriedalpopolo\/wp-json\/wp\/v2\/pages\/1412"}],"wp:attachment":[{"href":"https:\/\/www.legacoopestense.coop\/memoriedalpopolo\/wp-json\/wp\/v2\/media?parent=1597"}],"curies":[{"name":"wp","href":"https:\/\/api.w.org\/{rel}","templated":true}]}}